{"id":80,"date":"2019-06-28T10:43:43","date_gmt":"2019-06-28T08:43:43","guid":{"rendered":"https:\/\/www.brillenmacher-schneider.de\/?page_id=80"},"modified":"2025-05-31T16:51:44","modified_gmt":"2025-05-31T14:51:44","slug":"angebote","status":"publish","type":"page","link":"https:\/\/www.brillenmacher-schneider.de\/?page_id=80","title":{"rendered":"Angebote"},"content":{"rendered":"\n\n\t<h5><strong>Mehrbrillenangebot<\/strong><\/h5>\n\t<h6><em><strong>\u00a0Bei der\u00a0 Bestellung einer Zweitbrille des gleichen Herstellers und der gleichen Glasst\u00e4rke bekommen sie 50% Rabatt.<br \/>\nDie Zweitbestellung mu\u00df bei Essilor sowie Rupp+Hubrach innerhalb von 3 Monaten und bei Wetzlich innerhalb von 6 Monaten erfolgen.<\/strong><\/em><\/h6>\n\t\t\t\t<img loading=\"lazy\" decoding=\"async\" src=\"https:\/\/www.brillenmacher-schneider.de\/wp-content\/uploads\/2019\/11\/essilor-300x229.png\" alt=\"essilor\" itemprop=\"image\" height=\"229\" width=\"300\" title=\"essilor\" onerror=\"this.style.display='none'\"  \/>\n\t\t\t\t<img loading=\"lazy\" decoding=\"async\" src=\"https:\/\/www.brillenmacher-schneider.de\/wp-content\/uploads\/2019\/11\/wetzlich-300x72.png\" alt=\"wetzlich\" itemprop=\"image\" height=\"72\" width=\"300\" title=\"wetzlich\" onerror=\"this.style.display='none'\"  \/>\n\t\t\t\t<img loading=\"lazy\" decoding=\"async\" src=\"https:\/\/www.brillenmacher-schneider.de\/wp-content\/uploads\/2019\/11\/rh.jpg\" alt=\"r+h\" itemprop=\"image\" height=\"90\" width=\"292\" title=\"r+h\" onerror=\"this.style.display='none'\"  \/>\n\t<h5><strong>Glaspreisaktion<\/strong><\/h5>\n\t<h6><em><strong>Gleitsichtglas Prophecy X von der Firma Wetzlich.<\/strong><\/em><\/h6>\n\t<strong>&#8211;\u00a0<\/strong><strong><br \/>\n&#8211;\u00a0<\/strong><strong><br \/>\n&#8211;\u00a0<\/strong><strong><br \/>\n&#8211; 25%\u00a0Preisnachlass auf den Listenpreis im Aktionszeitraum 15.05. bis 13.07.25 <\/strong>\n\t<h6><em><strong>Sonnenbrillengl\u00e4ser in Ihrer Glasst\u00e4rke<\/strong><\/em><\/h6>\n\t<strong>&#8211; Kunststoffgl\u00e4ser<\/strong><strong><br \/>\n&#8211; grau, gr\u00fcn oder braun<\/strong><strong><br \/>\n&#8211; mit 75% oder 85% T\u00f6nung<\/strong><strong><br \/>\n&#8211; das Glaspaar ab 35,00 Euro<\/strong><strong><br \/>\n&#8211; das Gleitsicht-Glaspaar ab 89,00 Euro<\/strong>\n\t<h6><em><strong> Einst\u00e4rkengl\u00e4ser f\u00fcr Fern- und Nahbrillen<\/strong><\/em><\/h6>\n<strong>&#8211; Kunststoff<\/strong><br \/>\n<strong>&#8211; hochwertig entspiegelt<\/strong><br \/>\n<strong>&#8211; kratzfest und schmutzabweisend<\/strong><br \/>\n<strong>&#8211; bis +\/- 6,0 Dpt u. + 2,0 Zylinder<\/strong><br \/>\n<strong>&#8211; das Glaspaar f\u00fcr 59,00 Euro<\/strong>\n\t<h6><em><strong>F\u00fcr den Bildschirmarbeitsplatz<\/strong><\/em><\/h6>\n<strong>&#8211; Index 1,6 Protect<\/strong><br \/>\n<strong>&#8211; d\u00fcnner Kunststoff mit 100% UV-Schutz, blau Filter und angenehmen Restreflex<\/strong><br \/>\n<strong>&#8211; bis +\/- 6,0 Dpt u. + 2,0 Zylinder<\/strong><br \/>\n<strong>&#8211; das Glaspaar f\u00fcr 98,00 Euro<\/strong>\n\t<h6><strong>Rufen Sie uns an ! Wir beraten Sie gerne !<\/strong><\/h6>\n\n","protected":false},"excerpt":{"rendered":"<p>Mehrbrillenangebot \u00a0Bei der\u00a0 Bestellung einer Zweitbrille des gleichen Herstellers und der gleichen Glasst\u00e4rke bekommen sie 50% Rabatt. Die Zweitbestellung mu\u00df bei Essilor sowie Rupp+Hubrach innerhalb von 3 Monaten und bei Wetzlich innerhalb von 6 Monaten erfolgen. Glaspreisaktion Gleitsichtglas Prophecy X<\/p>\n","protected":false},"author":1,"featured_media":0,"parent":0,"menu_order":0,"comment_status":"closed","ping_status":"closed","template":"","meta":{"ngg_post_thumbnail":0,"footnotes":""},"class_list":["post-80","page","type-page","status-publish","hentry","","tg-column-two"],"yoast_head":"<!-- This site is optimized with the Yoast SEO plugin v26.3 - https:\/\/yoast.com\/wordpress\/plugins\/seo\/ -->\n<title>Angebote | Brillenmacher-Schneider<\/title>\n<meta name=\"robots\" content=\"index, follow, max-snippet:-1, max-image-preview:large, max-video-preview:-1\" \/>\n<link rel=\"canonical\" href=\"https:\/\/www.brillenmacher-schneider.de\/?page_id=80\" \/>\n<meta property=\"og:locale\" content=\"de_DE\" \/>\n<meta property=\"og:type\" content=\"article\" \/>\n<meta property=\"og:title\" content=\"Angebote | Brillenmacher-Schneider\" \/>\n<meta property=\"og:description\" content=\"Mehrbrillenangebot \u00a0Bei der\u00a0 Bestellung einer Zweitbrille des gleichen Herstellers und der gleichen Glasst\u00e4rke bekommen sie 50% Rabatt. Die Zweitbestellung mu\u00df bei Essilor sowie Rupp+Hubrach innerhalb von 3 Monaten und bei Wetzlich innerhalb von 6 Monaten erfolgen. Glaspreisaktion Gleitsichtglas Prophecy X\" \/>\n<meta property=\"og:url\" content=\"https:\/\/www.brillenmacher-schneider.de\/?page_id=80\" \/>\n<meta property=\"og:site_name\" content=\"Brillenmacher-Schneider\" \/>\n<meta property=\"article:modified_time\" content=\"2025-05-31T14:51:44+00:00\" \/>\n<meta property=\"og:image\" content=\"https:\/\/www.brillenmacher-schneider.de\/wp-content\/uploads\/2019\/11\/essilor-300x229.png\" \/>\n<meta name=\"twitter:card\" content=\"summary_large_image\" \/>\n<meta name=\"twitter:label1\" content=\"Gesch\u00e4tzte Lesezeit\" \/>\n\t<meta name=\"twitter:data1\" content=\"1\u00a0Minute\" \/>\n<script type=\"application\/ld+json\" class=\"yoast-schema-graph\">{\"@context\":\"https:\/\/schema.org\",\"@graph\":[{\"@type\":\"WebPage\",\"@id\":\"https:\/\/www.brillenmacher-schneider.de\/?page_id=80\",\"url\":\"https:\/\/www.brillenmacher-schneider.de\/?page_id=80\",\"name\":\"Angebote | Brillenmacher-Schneider\",\"isPartOf\":{\"@id\":\"https:\/\/www.brillenmacher-schneider.de\/#website\"},\"primaryImageOfPage\":{\"@id\":\"https:\/\/www.brillenmacher-schneider.de\/?page_id=80#primaryimage\"},\"image\":{\"@id\":\"https:\/\/www.brillenmacher-schneider.de\/?page_id=80#primaryimage\"},\"thumbnailUrl\":\"https:\/\/www.brillenmacher-schneider.de\/wp-content\/uploads\/2019\/11\/essilor-300x229.png\",\"datePublished\":\"2019-06-28T08:43:43+00:00\",\"dateModified\":\"2025-05-31T14:51:44+00:00\",\"breadcrumb\":{\"@id\":\"https:\/\/www.brillenmacher-schneider.de\/?page_id=80#breadcrumb\"},\"inLanguage\":\"de\",\"potentialAction\":[{\"@type\":\"ReadAction\",\"target\":[\"https:\/\/www.brillenmacher-schneider.de\/?page_id=80\"]}]},{\"@type\":\"ImageObject\",\"inLanguage\":\"de\",\"@id\":\"https:\/\/www.brillenmacher-schneider.de\/?page_id=80#primaryimage\",\"url\":\"https:\/\/www.brillenmacher-schneider.de\/wp-content\/uploads\/2019\/11\/essilor.png\",\"contentUrl\":\"https:\/\/www.brillenmacher-schneider.de\/wp-content\/uploads\/2019\/11\/essilor.png\",\"width\":1181,\"height\":903},{\"@type\":\"BreadcrumbList\",\"@id\":\"https:\/\/www.brillenmacher-schneider.de\/?page_id=80#breadcrumb\",\"itemListElement\":[{\"@type\":\"ListItem\",\"position\":1,\"name\":\"Startseite\",\"item\":\"https:\/\/www.brillenmacher-schneider.de\/\"},{\"@type\":\"ListItem\",\"position\":2,\"name\":\"Angebote\"}]},{\"@type\":\"WebSite\",\"@id\":\"https:\/\/www.brillenmacher-schneider.de\/#website\",\"url\":\"https:\/\/www.brillenmacher-schneider.de\/\",\"name\":\"Brillenmacher-Schneider\",\"description\":\"\",\"publisher\":{\"@id\":\"https:\/\/www.brillenmacher-schneider.de\/#organization\"},\"potentialAction\":[{\"@type\":\"SearchAction\",\"target\":{\"@type\":\"EntryPoint\",\"urlTemplate\":\"https:\/\/www.brillenmacher-schneider.de\/?s={search_term_string}\"},\"query-input\":{\"@type\":\"PropertyValueSpecification\",\"valueRequired\":true,\"valueName\":\"search_term_string\"}}],\"inLanguage\":\"de\"},{\"@type\":\"Organization\",\"@id\":\"https:\/\/www.brillenmacher-schneider.de\/#organization\",\"name\":\"BRILLENMACHER - SCHNEIDER\",\"url\":\"https:\/\/www.brillenmacher-schneider.de\/\",\"logo\":{\"@type\":\"ImageObject\",\"inLanguage\":\"de\",\"@id\":\"https:\/\/www.brillenmacher-schneider.de\/#\/schema\/logo\/image\/\",\"url\":\"https:\/\/www.brillenmacher-schneider.de\/wp-content\/uploads\/2021\/09\/log.jpg\",\"contentUrl\":\"https:\/\/www.brillenmacher-schneider.de\/wp-content\/uploads\/2021\/09\/log.jpg\",\"width\":389,\"height\":123,\"caption\":\"BRILLENMACHER - SCHNEIDER\"},\"image\":{\"@id\":\"https:\/\/www.brillenmacher-schneider.de\/#\/schema\/logo\/image\/\"}}]}<\/script>\n<!-- \/ Yoast SEO plugin. -->","yoast_head_json":{"title":"Angebote | Brillenmacher-Schneider","robots":{"index":"index","follow":"follow","max-snippet":"max-snippet:-1","max-image-preview":"max-image-preview:large","max-video-preview":"max-video-preview:-1"},"canonical":"https:\/\/www.brillenmacher-schneider.de\/?page_id=80","og_locale":"de_DE","og_type":"article","og_title":"Angebote | Brillenmacher-Schneider","og_description":"Mehrbrillenangebot \u00a0Bei der\u00a0 Bestellung einer Zweitbrille des gleichen Herstellers und der gleichen Glasst\u00e4rke bekommen sie 50% Rabatt. Die Zweitbestellung mu\u00df bei Essilor sowie Rupp+Hubrach innerhalb von 3 Monaten und bei Wetzlich innerhalb von 6 Monaten erfolgen. Glaspreisaktion Gleitsichtglas Prophecy X","og_url":"https:\/\/www.brillenmacher-schneider.de\/?page_id=80","og_site_name":"Brillenmacher-Schneider","article_modified_time":"2025-05-31T14:51:44+00:00","og_image":[{"url":"https:\/\/www.brillenmacher-schneider.de\/wp-content\/uploads\/2019\/11\/essilor-300x229.png","type":"","width":"","height":""}],"twitter_card":"summary_large_image","twitter_misc":{"Gesch\u00e4tzte Lesezeit":"1\u00a0Minute"},"schema":{"@context":"https:\/\/schema.org","@graph":[{"@type":"WebPage","@id":"https:\/\/www.brillenmacher-schneider.de\/?page_id=80","url":"https:\/\/www.brillenmacher-schneider.de\/?page_id=80","name":"Angebote | Brillenmacher-Schneider","isPartOf":{"@id":"https:\/\/www.brillenmacher-schneider.de\/#website"},"primaryImageOfPage":{"@id":"https:\/\/www.brillenmacher-schneider.de\/?page_id=80#primaryimage"},"image":{"@id":"https:\/\/www.brillenmacher-schneider.de\/?page_id=80#primaryimage"},"thumbnailUrl":"https:\/\/www.brillenmacher-schneider.de\/wp-content\/uploads\/2019\/11\/essilor-300x229.png","datePublished":"2019-06-28T08:43:43+00:00","dateModified":"2025-05-31T14:51:44+00:00","breadcrumb":{"@id":"https:\/\/www.brillenmacher-schneider.de\/?page_id=80#breadcrumb"},"inLanguage":"de","potentialAction":[{"@type":"ReadAction","target":["https:\/\/www.brillenmacher-schneider.de\/?page_id=80"]}]},{"@type":"ImageObject","inLanguage":"de","@id":"https:\/\/www.brillenmacher-schneider.de\/?page_id=80#primaryimage","url":"https:\/\/www.brillenmacher-schneider.de\/wp-content\/uploads\/2019\/11\/essilor.png","contentUrl":"https:\/\/www.brillenmacher-schneider.de\/wp-content\/uploads\/2019\/11\/essilor.png","width":1181,"height":903},{"@type":"BreadcrumbList","@id":"https:\/\/www.brillenmacher-schneider.de\/?page_id=80#breadcrumb","itemListElement":[{"@type":"ListItem","position":1,"name":"Startseite","item":"https:\/\/www.brillenmacher-schneider.de\/"},{"@type":"ListItem","position":2,"name":"Angebote"}]},{"@type":"WebSite","@id":"https:\/\/www.brillenmacher-schneider.de\/#website","url":"https:\/\/www.brillenmacher-schneider.de\/","name":"Brillenmacher-Schneider","description":"","publisher":{"@id":"https:\/\/www.brillenmacher-schneider.de\/#organization"},"potentialAction":[{"@type":"SearchAction","target":{"@type":"EntryPoint","urlTemplate":"https:\/\/www.brillenmacher-schneider.de\/?s={search_term_string}"},"query-input":{"@type":"PropertyValueSpecification","valueRequired":true,"valueName":"search_term_string"}}],"inLanguage":"de"},{"@type":"Organization","@id":"https:\/\/www.brillenmacher-schneider.de\/#organization","name":"BRILLENMACHER - SCHNEIDER","url":"https:\/\/www.brillenmacher-schneider.de\/","logo":{"@type":"ImageObject","inLanguage":"de","@id":"https:\/\/www.brillenmacher-schneider.de\/#\/schema\/logo\/image\/","url":"https:\/\/www.brillenmacher-schneider.de\/wp-content\/uploads\/2021\/09\/log.jpg","contentUrl":"https:\/\/www.brillenmacher-schneider.de\/wp-content\/uploads\/2021\/09\/log.jpg","width":389,"height":123,"caption":"BRILLENMACHER - SCHNEIDER"},"image":{"@id":"https:\/\/www.brillenmacher-schneider.de\/#\/schema\/logo\/image\/"}}]}},"_links":{"self":[{"href":"https:\/\/www.brillenmacher-schneider.de\/index.php?rest_route=\/wp\/v2\/pages\/80","targetHints":{"allow":["GET"]}}],"collection":[{"href":"https:\/\/www.brillenmacher-schneider.de\/index.php?rest_route=\/wp\/v2\/pages"}],"about":[{"href":"https:\/\/www.brillenmacher-schneider.de\/index.php?rest_route=\/wp\/v2\/types\/page"}],"author":[{"embeddable":true,"href":"https:\/\/www.brillenmacher-schneider.de\/index.php?rest_route=\/wp\/v2\/users\/1"}],"replies":[{"embeddable":true,"href":"https:\/\/www.brillenmacher-schneider.de\/index.php?rest_route=%2Fwp%2Fv2%2Fcomments&post=80"}],"version-history":[{"count":18,"href":"https:\/\/www.brillenmacher-schneider.de\/index.php?rest_route=\/wp\/v2\/pages\/80\/revisions"}],"predecessor-version":[{"id":1082,"href":"https:\/\/www.brillenmacher-schneider.de\/index.php?rest_route=\/wp\/v2\/pages\/80\/revisions\/1082"}],"wp:attachment":[{"href":"https:\/\/www.brillenmacher-schneider.de\/index.php?rest_route=%2Fwp%2Fv2%2Fmedia&parent=80"}],"curies":[{"name":"wp","href":"https:\/\/api.w.org\/{rel}","templated":true}]}}