{"id":50,"date":"2019-06-28T09:46:06","date_gmt":"2019-06-28T07:46:06","guid":{"rendered":"https:\/\/www.brillenmacher-schneider.de\/?page_id=50"},"modified":"2025-11-16T09:56:48","modified_gmt":"2025-11-16T08:56:48","slug":"service","status":"publish","type":"page","link":"https:\/\/www.brillenmacher-schneider.de\/?page_id=50","title":{"rendered":"Service"},"content":{"rendered":"\n\n\t<p><strong>Erlebnis Brillenkauf<\/strong><\/p>\n<figure><img decoding=\"async\" src=\"https:\/\/www.brillenmacher-schneider.de\/wp-content\/uploads\/2019\/11\/eye_kb.jpg\" alt=\"\" \/><\/figure>\n<p><strong>Das Brillenmacher-Schneider Team steht Ihnen mit freundlicher Beratung und fachlicher Kompetenz zuverl\u00e4ssig zur Verf\u00fcgung. <\/strong><\/p>\n<strong><br \/>\nWir bieten Ihnen umfassenden Service und-Dienstleistungen.<\/strong>\n<strong><br \/>\nDie termingerechte Ausf\u00fchrung ihrer Auftr\u00e4ge ist f\u00fcr uns selbstverst\u00e4ndlich.<\/strong>\n\t<p>Augenglasbestimmung<\/p>\n\t<p>Brillencheck<\/p>\n\t<p>anatomische Brillenanpassung<\/p>\n\t<p>R\u00fccknahme Ihrer Altbrille<\/p>\n\t<p>F\u00fchrerscheinsehtest<\/p>\n\t<p>UV-Test<\/p>\n\t<p>Videozentrierung<\/p>\n\t<p>Kontaktlinsen-Service<\/p>\n\t<p>vergr\u00f6\u00dfernde Sehhilfen<\/p>\n\t\t\t\t<img loading=\"lazy\" decoding=\"async\" src=\"https:\/\/www.brillenmacher-schneider.de\/wp-content\/uploads\/2019\/11\/Visioffice2.png\" alt=\"Visioffice2\" itemprop=\"image\" height=\"514\" width=\"500\" title=\"Visioffice2\" onerror=\"this.style.display='none'\"  \/>\n\t<p><strong>Visioffice2<\/strong><\/p>\n\n","protected":false},"excerpt":{"rendered":"<p>Erlebnis Brillenkauf Das Brillenmacher-Schneider Team steht Ihnen mit freundlicher Beratung und fachlicher Kompetenz zuverl\u00e4ssig zur Verf\u00fcgung. Wir bieten Ihnen umfassenden Service und-Dienstleistungen. Die termingerechte Ausf\u00fchrung ihrer Auftr\u00e4ge ist f\u00fcr uns selbstverst\u00e4ndlich. Augenglasbestimmung Brillencheck anatomische Brillenanpassung R\u00fccknahme Ihrer Altbrille F\u00fchrerscheinsehtest UV-Test<\/p>\n","protected":false},"author":1,"featured_media":0,"parent":0,"menu_order":0,"comment_status":"closed","ping_status":"closed","template":"","meta":{"ngg_post_thumbnail":0,"footnotes":""},"class_list":["post-50","page","type-page","status-publish","hentry","","tg-column-two"],"yoast_head":"<!-- This site is optimized with the Yoast SEO plugin v26.3 - https:\/\/yoast.com\/wordpress\/plugins\/seo\/ -->\n<title>Service | Brillenmacher-Schneider<\/title>\n<meta name=\"robots\" content=\"index, follow, max-snippet:-1, max-image-preview:large, max-video-preview:-1\" \/>\n<link rel=\"canonical\" href=\"https:\/\/www.brillenmacher-schneider.de\/?page_id=50\" \/>\n<meta property=\"og:locale\" content=\"de_DE\" \/>\n<meta property=\"og:type\" content=\"article\" \/>\n<meta property=\"og:title\" content=\"Service | Brillenmacher-Schneider\" \/>\n<meta property=\"og:description\" content=\"Erlebnis Brillenkauf Das Brillenmacher-Schneider Team steht Ihnen mit freundlicher Beratung und fachlicher Kompetenz zuverl\u00e4ssig zur Verf\u00fcgung. Wir bieten Ihnen umfassenden Service und-Dienstleistungen. Die termingerechte Ausf\u00fchrung ihrer Auftr\u00e4ge ist f\u00fcr uns selbstverst\u00e4ndlich. Augenglasbestimmung Brillencheck anatomische Brillenanpassung R\u00fccknahme Ihrer Altbrille F\u00fchrerscheinsehtest UV-Test\" \/>\n<meta property=\"og:url\" content=\"https:\/\/www.brillenmacher-schneider.de\/?page_id=50\" \/>\n<meta property=\"og:site_name\" content=\"Brillenmacher-Schneider\" \/>\n<meta property=\"article:modified_time\" content=\"2025-11-16T08:56:48+00:00\" \/>\n<meta property=\"og:image\" content=\"https:\/\/www.brillenmacher-schneider.de\/wp-content\/uploads\/2019\/11\/eye_kb.jpg\" \/>\n<meta name=\"twitter:card\" content=\"summary_large_image\" \/>\n<script type=\"application\/ld+json\" class=\"yoast-schema-graph\">{\"@context\":\"https:\/\/schema.org\",\"@graph\":[{\"@type\":\"WebPage\",\"@id\":\"https:\/\/www.brillenmacher-schneider.de\/?page_id=50\",\"url\":\"https:\/\/www.brillenmacher-schneider.de\/?page_id=50\",\"name\":\"Service | Brillenmacher-Schneider\",\"isPartOf\":{\"@id\":\"https:\/\/www.brillenmacher-schneider.de\/#website\"},\"primaryImageOfPage\":{\"@id\":\"https:\/\/www.brillenmacher-schneider.de\/?page_id=50#primaryimage\"},\"image\":{\"@id\":\"https:\/\/www.brillenmacher-schneider.de\/?page_id=50#primaryimage\"},\"thumbnailUrl\":\"https:\/\/www.brillenmacher-schneider.de\/wp-content\/uploads\/2019\/11\/eye_kb.jpg\",\"datePublished\":\"2019-06-28T07:46:06+00:00\",\"dateModified\":\"2025-11-16T08:56:48+00:00\",\"breadcrumb\":{\"@id\":\"https:\/\/www.brillenmacher-schneider.de\/?page_id=50#breadcrumb\"},\"inLanguage\":\"de\",\"potentialAction\":[{\"@type\":\"ReadAction\",\"target\":[\"https:\/\/www.brillenmacher-schneider.de\/?page_id=50\"]}]},{\"@type\":\"ImageObject\",\"inLanguage\":\"de\",\"@id\":\"https:\/\/www.brillenmacher-schneider.de\/?page_id=50#primaryimage\",\"url\":\"https:\/\/www.brillenmacher-schneider.de\/wp-content\/uploads\/2019\/11\/eye_kb.jpg\",\"contentUrl\":\"https:\/\/www.brillenmacher-schneider.de\/wp-content\/uploads\/2019\/11\/eye_kb.jpg\",\"width\":381,\"height\":225},{\"@type\":\"BreadcrumbList\",\"@id\":\"https:\/\/www.brillenmacher-schneider.de\/?page_id=50#breadcrumb\",\"itemListElement\":[{\"@type\":\"ListItem\",\"position\":1,\"name\":\"Startseite\",\"item\":\"https:\/\/www.brillenmacher-schneider.de\/\"},{\"@type\":\"ListItem\",\"position\":2,\"name\":\"Service\"}]},{\"@type\":\"WebSite\",\"@id\":\"https:\/\/www.brillenmacher-schneider.de\/#website\",\"url\":\"https:\/\/www.brillenmacher-schneider.de\/\",\"name\":\"Brillenmacher-Schneider\",\"description\":\"\",\"publisher\":{\"@id\":\"https:\/\/www.brillenmacher-schneider.de\/#organization\"},\"potentialAction\":[{\"@type\":\"SearchAction\",\"target\":{\"@type\":\"EntryPoint\",\"urlTemplate\":\"https:\/\/www.brillenmacher-schneider.de\/?s={search_term_string}\"},\"query-input\":{\"@type\":\"PropertyValueSpecification\",\"valueRequired\":true,\"valueName\":\"search_term_string\"}}],\"inLanguage\":\"de\"},{\"@type\":\"Organization\",\"@id\":\"https:\/\/www.brillenmacher-schneider.de\/#organization\",\"name\":\"BRILLENMACHER - SCHNEIDER\",\"url\":\"https:\/\/www.brillenmacher-schneider.de\/\",\"logo\":{\"@type\":\"ImageObject\",\"inLanguage\":\"de\",\"@id\":\"https:\/\/www.brillenmacher-schneider.de\/#\/schema\/logo\/image\/\",\"url\":\"https:\/\/www.brillenmacher-schneider.de\/wp-content\/uploads\/2021\/09\/log.jpg\",\"contentUrl\":\"https:\/\/www.brillenmacher-schneider.de\/wp-content\/uploads\/2021\/09\/log.jpg\",\"width\":389,\"height\":123,\"caption\":\"BRILLENMACHER - SCHNEIDER\"},\"image\":{\"@id\":\"https:\/\/www.brillenmacher-schneider.de\/#\/schema\/logo\/image\/\"}}]}<\/script>\n<!-- \/ Yoast SEO plugin. -->","yoast_head_json":{"title":"Service | Brillenmacher-Schneider","robots":{"index":"index","follow":"follow","max-snippet":"max-snippet:-1","max-image-preview":"max-image-preview:large","max-video-preview":"max-video-preview:-1"},"canonical":"https:\/\/www.brillenmacher-schneider.de\/?page_id=50","og_locale":"de_DE","og_type":"article","og_title":"Service | Brillenmacher-Schneider","og_description":"Erlebnis Brillenkauf Das Brillenmacher-Schneider Team steht Ihnen mit freundlicher Beratung und fachlicher Kompetenz zuverl\u00e4ssig zur Verf\u00fcgung. Wir bieten Ihnen umfassenden Service und-Dienstleistungen. Die termingerechte Ausf\u00fchrung ihrer Auftr\u00e4ge ist f\u00fcr uns selbstverst\u00e4ndlich. Augenglasbestimmung Brillencheck anatomische Brillenanpassung R\u00fccknahme Ihrer Altbrille F\u00fchrerscheinsehtest UV-Test","og_url":"https:\/\/www.brillenmacher-schneider.de\/?page_id=50","og_site_name":"Brillenmacher-Schneider","article_modified_time":"2025-11-16T08:56:48+00:00","og_image":[{"url":"https:\/\/www.brillenmacher-schneider.de\/wp-content\/uploads\/2019\/11\/eye_kb.jpg","type":"","width":"","height":""}],"twitter_card":"summary_large_image","schema":{"@context":"https:\/\/schema.org","@graph":[{"@type":"WebPage","@id":"https:\/\/www.brillenmacher-schneider.de\/?page_id=50","url":"https:\/\/www.brillenmacher-schneider.de\/?page_id=50","name":"Service | Brillenmacher-Schneider","isPartOf":{"@id":"https:\/\/www.brillenmacher-schneider.de\/#website"},"primaryImageOfPage":{"@id":"https:\/\/www.brillenmacher-schneider.de\/?page_id=50#primaryimage"},"image":{"@id":"https:\/\/www.brillenmacher-schneider.de\/?page_id=50#primaryimage"},"thumbnailUrl":"https:\/\/www.brillenmacher-schneider.de\/wp-content\/uploads\/2019\/11\/eye_kb.jpg","datePublished":"2019-06-28T07:46:06+00:00","dateModified":"2025-11-16T08:56:48+00:00","breadcrumb":{"@id":"https:\/\/www.brillenmacher-schneider.de\/?page_id=50#breadcrumb"},"inLanguage":"de","potentialAction":[{"@type":"ReadAction","target":["https:\/\/www.brillenmacher-schneider.de\/?page_id=50"]}]},{"@type":"ImageObject","inLanguage":"de","@id":"https:\/\/www.brillenmacher-schneider.de\/?page_id=50#primaryimage","url":"https:\/\/www.brillenmacher-schneider.de\/wp-content\/uploads\/2019\/11\/eye_kb.jpg","contentUrl":"https:\/\/www.brillenmacher-schneider.de\/wp-content\/uploads\/2019\/11\/eye_kb.jpg","width":381,"height":225},{"@type":"BreadcrumbList","@id":"https:\/\/www.brillenmacher-schneider.de\/?page_id=50#breadcrumb","itemListElement":[{"@type":"ListItem","position":1,"name":"Startseite","item":"https:\/\/www.brillenmacher-schneider.de\/"},{"@type":"ListItem","position":2,"name":"Service"}]},{"@type":"WebSite","@id":"https:\/\/www.brillenmacher-schneider.de\/#website","url":"https:\/\/www.brillenmacher-schneider.de\/","name":"Brillenmacher-Schneider","description":"","publisher":{"@id":"https:\/\/www.brillenmacher-schneider.de\/#organization"},"potentialAction":[{"@type":"SearchAction","target":{"@type":"EntryPoint","urlTemplate":"https:\/\/www.brillenmacher-schneider.de\/?s={search_term_string}"},"query-input":{"@type":"PropertyValueSpecification","valueRequired":true,"valueName":"search_term_string"}}],"inLanguage":"de"},{"@type":"Organization","@id":"https:\/\/www.brillenmacher-schneider.de\/#organization","name":"BRILLENMACHER - SCHNEIDER","url":"https:\/\/www.brillenmacher-schneider.de\/","logo":{"@type":"ImageObject","inLanguage":"de","@id":"https:\/\/www.brillenmacher-schneider.de\/#\/schema\/logo\/image\/","url":"https:\/\/www.brillenmacher-schneider.de\/wp-content\/uploads\/2021\/09\/log.jpg","contentUrl":"https:\/\/www.brillenmacher-schneider.de\/wp-content\/uploads\/2021\/09\/log.jpg","width":389,"height":123,"caption":"BRILLENMACHER - SCHNEIDER"},"image":{"@id":"https:\/\/www.brillenmacher-schneider.de\/#\/schema\/logo\/image\/"}}]}},"_links":{"self":[{"href":"https:\/\/www.brillenmacher-schneider.de\/index.php?rest_route=\/wp\/v2\/pages\/50","targetHints":{"allow":["GET"]}}],"collection":[{"href":"https:\/\/www.brillenmacher-schneider.de\/index.php?rest_route=\/wp\/v2\/pages"}],"about":[{"href":"https:\/\/www.brillenmacher-schneider.de\/index.php?rest_route=\/wp\/v2\/types\/page"}],"author":[{"embeddable":true,"href":"https:\/\/www.brillenmacher-schneider.de\/index.php?rest_route=\/wp\/v2\/users\/1"}],"replies":[{"embeddable":true,"href":"https:\/\/www.brillenmacher-schneider.de\/index.php?rest_route=%2Fwp%2Fv2%2Fcomments&post=50"}],"version-history":[{"count":147,"href":"https:\/\/www.brillenmacher-schneider.de\/index.php?rest_route=\/wp\/v2\/pages\/50\/revisions"}],"predecessor-version":[{"id":1121,"href":"https:\/\/www.brillenmacher-schneider.de\/index.php?rest_route=\/wp\/v2\/pages\/50\/revisions\/1121"}],"wp:attachment":[{"href":"https:\/\/www.brillenmacher-schneider.de\/index.php?rest_route=%2Fwp%2Fv2%2Fmedia&parent=50"}],"curies":[{"name":"wp","href":"https:\/\/api.w.org\/{rel}","templated":true}]}}