{"id":48,"date":"2019-06-28T09:45:35","date_gmt":"2019-06-28T07:45:35","guid":{"rendered":"https:\/\/www.brillenmacher-schneider.de\/?page_id=48"},"modified":"2026-04-14T06:17:27","modified_gmt":"2026-04-14T04:17:27","slug":"home","status":"publish","type":"page","link":"https:\/\/www.brillenmacher-schneider.de\/","title":{"rendered":"Home"},"content":{"rendered":"\n\n\t<p><strong>Brillen und Kontaktlinsen aus Gebhardshagen<\/strong><\/p>\n<figure><img decoding=\"async\" src=\"https:\/\/www.brillenmacher-schneider.de\/wp-content\/uploads\/2019\/10\/d-25-k.jpg\" alt=\"\" \/><\/figure>\n<p><strong>Brillenmacher Schneider<\/strong><\/p>\n<p><strong>Torsten Schneider e.K.<\/strong><\/p>\n<p><strong><u>Adresse:<\/u> 38229 Salzgitter (Gbh.)<\/strong>, <strong>Sonnenbergweg 4<\/strong><\/p>\n<p><strong><u>Tel:<\/u> 05341-71351<\/strong><\/p>\n<p><strong><u>Fax:<\/u> 05341-901335 <\/strong><\/p>\n<p><strong><u>E-Mail:<\/u>\u00a0brillenmacher-schneider@t-online.de<\/strong><\/p>\n<p><strong>Augen\u00fcberpr\u00fcfung<\/strong><\/p>\n<strong>Sie k\u00f6nnen selbst etwas f\u00fcr die Gesundheit Ihrer Augen tun!<\/strong><br \/>\n<strong>Besuchen Sie uns einmal im Jahr zur Augen\u00fcberpr\u00fcfung!<br \/>\nBitte vereinbaren Sie dazu einen Termin!<\/strong><br \/>\nngg_shortcode_0_placeholder\n\n","protected":false},"excerpt":{"rendered":"<p>Brillen und Kontaktlinsen aus Gebhardshagen Brillenmacher Schneider Torsten Schneider e.K. Adresse: 38229 Salzgitter (Gbh.), Sonnenbergweg 4 Tel: 05341-71351 Fax: 05341-901335 E-Mail:\u00a0brillenmacher-schneider@t-online.de Augen\u00fcberpr\u00fcfung Sie k\u00f6nnen selbst etwas f\u00fcr die Gesundheit Ihrer Augen tun! Besuchen Sie uns einmal im Jahr zur Augen\u00fcberpr\u00fcfung!<\/p>\n","protected":false},"author":1,"featured_media":0,"parent":0,"menu_order":0,"comment_status":"closed","ping_status":"closed","template":"","meta":{"ngg_post_thumbnail":0,"footnotes":""},"class_list":["post-48","page","type-page","status-publish","hentry","","tg-column-two"],"yoast_head":"<!-- This site is optimized with the Yoast SEO plugin v26.3 - https:\/\/yoast.com\/wordpress\/plugins\/seo\/ -->\n<title>Home | Brillenmacher-Schneider<\/title>\n<meta name=\"robots\" content=\"index, follow, max-snippet:-1, max-image-preview:large, max-video-preview:-1\" \/>\n<link rel=\"canonical\" href=\"https:\/\/www.brillenmacher-schneider.de\/\" \/>\n<meta property=\"og:locale\" content=\"de_DE\" \/>\n<meta property=\"og:type\" content=\"article\" \/>\n<meta property=\"og:title\" content=\"Home | Brillenmacher-Schneider\" \/>\n<meta property=\"og:description\" content=\"Brillen und Kontaktlinsen aus Gebhardshagen Brillenmacher Schneider Torsten Schneider e.K. Adresse: 38229 Salzgitter (Gbh.), Sonnenbergweg 4 Tel: 05341-71351 Fax: 05341-901335 E-Mail:\u00a0brillenmacher-schneider@t-online.de Augen\u00fcberpr\u00fcfung Sie k\u00f6nnen selbst etwas f\u00fcr die Gesundheit Ihrer Augen tun! Besuchen Sie uns einmal im Jahr zur Augen\u00fcberpr\u00fcfung!\" \/>\n<meta property=\"og:url\" content=\"https:\/\/www.brillenmacher-schneider.de\/\" \/>\n<meta property=\"og:site_name\" content=\"Brillenmacher-Schneider\" \/>\n<meta property=\"article:modified_time\" content=\"2026-04-14T04:17:27+00:00\" \/>\n<meta property=\"og:image\" content=\"https:\/\/www.brillenmacher-schneider.de\/wp-content\/uploads\/2019\/10\/d-25-k.jpg\" \/>\n<meta name=\"twitter:card\" content=\"summary_large_image\" \/>\n<script type=\"application\/ld+json\" class=\"yoast-schema-graph\">{\"@context\":\"https:\/\/schema.org\",\"@graph\":[{\"@type\":\"WebPage\",\"@id\":\"https:\/\/www.brillenmacher-schneider.de\/\",\"url\":\"https:\/\/www.brillenmacher-schneider.de\/\",\"name\":\"Home | Brillenmacher-Schneider\",\"isPartOf\":{\"@id\":\"https:\/\/www.brillenmacher-schneider.de\/#website\"},\"primaryImageOfPage\":{\"@id\":\"https:\/\/www.brillenmacher-schneider.de\/#primaryimage\"},\"image\":{\"@id\":\"https:\/\/www.brillenmacher-schneider.de\/#primaryimage\"},\"thumbnailUrl\":\"https:\/\/www.brillenmacher-schneider.de\/wp-content\/uploads\/2019\/10\/d-25-k.jpg\",\"datePublished\":\"2019-06-28T07:45:35+00:00\",\"dateModified\":\"2026-04-14T04:17:27+00:00\",\"breadcrumb\":{\"@id\":\"https:\/\/www.brillenmacher-schneider.de\/#breadcrumb\"},\"inLanguage\":\"de\",\"potentialAction\":[{\"@type\":\"ReadAction\",\"target\":[\"https:\/\/www.brillenmacher-schneider.de\/\"]}]},{\"@type\":\"ImageObject\",\"inLanguage\":\"de\",\"@id\":\"https:\/\/www.brillenmacher-schneider.de\/#primaryimage\",\"url\":\"https:\/\/www.brillenmacher-schneider.de\/wp-content\/uploads\/2019\/10\/d-25-k.jpg\",\"contentUrl\":\"https:\/\/www.brillenmacher-schneider.de\/wp-content\/uploads\/2019\/10\/d-25-k.jpg\",\"width\":440,\"height\":293},{\"@type\":\"BreadcrumbList\",\"@id\":\"https:\/\/www.brillenmacher-schneider.de\/#breadcrumb\",\"itemListElement\":[{\"@type\":\"ListItem\",\"position\":1,\"name\":\"Startseite\",\"item\":\"https:\/\/www.brillenmacher-schneider.de\/\"},{\"@type\":\"ListItem\",\"position\":2,\"name\":\"Home\"}]},{\"@type\":\"WebSite\",\"@id\":\"https:\/\/www.brillenmacher-schneider.de\/#website\",\"url\":\"https:\/\/www.brillenmacher-schneider.de\/\",\"name\":\"Brillenmacher-Schneider\",\"description\":\"\",\"publisher\":{\"@id\":\"https:\/\/www.brillenmacher-schneider.de\/#organization\"},\"potentialAction\":[{\"@type\":\"SearchAction\",\"target\":{\"@type\":\"EntryPoint\",\"urlTemplate\":\"https:\/\/www.brillenmacher-schneider.de\/?s={search_term_string}\"},\"query-input\":{\"@type\":\"PropertyValueSpecification\",\"valueRequired\":true,\"valueName\":\"search_term_string\"}}],\"inLanguage\":\"de\"},{\"@type\":\"Organization\",\"@id\":\"https:\/\/www.brillenmacher-schneider.de\/#organization\",\"name\":\"BRILLENMACHER - SCHNEIDER\",\"url\":\"https:\/\/www.brillenmacher-schneider.de\/\",\"logo\":{\"@type\":\"ImageObject\",\"inLanguage\":\"de\",\"@id\":\"https:\/\/www.brillenmacher-schneider.de\/#\/schema\/logo\/image\/\",\"url\":\"https:\/\/www.brillenmacher-schneider.de\/wp-content\/uploads\/2021\/09\/log.jpg\",\"contentUrl\":\"https:\/\/www.brillenmacher-schneider.de\/wp-content\/uploads\/2021\/09\/log.jpg\",\"width\":389,\"height\":123,\"caption\":\"BRILLENMACHER - SCHNEIDER\"},\"image\":{\"@id\":\"https:\/\/www.brillenmacher-schneider.de\/#\/schema\/logo\/image\/\"}}]}<\/script>\n<!-- \/ Yoast SEO plugin. -->","yoast_head_json":{"title":"Home | Brillenmacher-Schneider","robots":{"index":"index","follow":"follow","max-snippet":"max-snippet:-1","max-image-preview":"max-image-preview:large","max-video-preview":"max-video-preview:-1"},"canonical":"https:\/\/www.brillenmacher-schneider.de\/","og_locale":"de_DE","og_type":"article","og_title":"Home | Brillenmacher-Schneider","og_description":"Brillen und Kontaktlinsen aus Gebhardshagen Brillenmacher Schneider Torsten Schneider e.K. Adresse: 38229 Salzgitter (Gbh.), Sonnenbergweg 4 Tel: 05341-71351 Fax: 05341-901335 E-Mail:\u00a0brillenmacher-schneider@t-online.de Augen\u00fcberpr\u00fcfung Sie k\u00f6nnen selbst etwas f\u00fcr die Gesundheit Ihrer Augen tun! Besuchen Sie uns einmal im Jahr zur Augen\u00fcberpr\u00fcfung!","og_url":"https:\/\/www.brillenmacher-schneider.de\/","og_site_name":"Brillenmacher-Schneider","article_modified_time":"2026-04-14T04:17:27+00:00","og_image":[{"url":"https:\/\/www.brillenmacher-schneider.de\/wp-content\/uploads\/2019\/10\/d-25-k.jpg","type":"","width":"","height":""}],"twitter_card":"summary_large_image","schema":{"@context":"https:\/\/schema.org","@graph":[{"@type":"WebPage","@id":"https:\/\/www.brillenmacher-schneider.de\/","url":"https:\/\/www.brillenmacher-schneider.de\/","name":"Home | Brillenmacher-Schneider","isPartOf":{"@id":"https:\/\/www.brillenmacher-schneider.de\/#website"},"primaryImageOfPage":{"@id":"https:\/\/www.brillenmacher-schneider.de\/#primaryimage"},"image":{"@id":"https:\/\/www.brillenmacher-schneider.de\/#primaryimage"},"thumbnailUrl":"https:\/\/www.brillenmacher-schneider.de\/wp-content\/uploads\/2019\/10\/d-25-k.jpg","datePublished":"2019-06-28T07:45:35+00:00","dateModified":"2026-04-14T04:17:27+00:00","breadcrumb":{"@id":"https:\/\/www.brillenmacher-schneider.de\/#breadcrumb"},"inLanguage":"de","potentialAction":[{"@type":"ReadAction","target":["https:\/\/www.brillenmacher-schneider.de\/"]}]},{"@type":"ImageObject","inLanguage":"de","@id":"https:\/\/www.brillenmacher-schneider.de\/#primaryimage","url":"https:\/\/www.brillenmacher-schneider.de\/wp-content\/uploads\/2019\/10\/d-25-k.jpg","contentUrl":"https:\/\/www.brillenmacher-schneider.de\/wp-content\/uploads\/2019\/10\/d-25-k.jpg","width":440,"height":293},{"@type":"BreadcrumbList","@id":"https:\/\/www.brillenmacher-schneider.de\/#breadcrumb","itemListElement":[{"@type":"ListItem","position":1,"name":"Startseite","item":"https:\/\/www.brillenmacher-schneider.de\/"},{"@type":"ListItem","position":2,"name":"Home"}]},{"@type":"WebSite","@id":"https:\/\/www.brillenmacher-schneider.de\/#website","url":"https:\/\/www.brillenmacher-schneider.de\/","name":"Brillenmacher-Schneider","description":"","publisher":{"@id":"https:\/\/www.brillenmacher-schneider.de\/#organization"},"potentialAction":[{"@type":"SearchAction","target":{"@type":"EntryPoint","urlTemplate":"https:\/\/www.brillenmacher-schneider.de\/?s={search_term_string}"},"query-input":{"@type":"PropertyValueSpecification","valueRequired":true,"valueName":"search_term_string"}}],"inLanguage":"de"},{"@type":"Organization","@id":"https:\/\/www.brillenmacher-schneider.de\/#organization","name":"BRILLENMACHER - SCHNEIDER","url":"https:\/\/www.brillenmacher-schneider.de\/","logo":{"@type":"ImageObject","inLanguage":"de","@id":"https:\/\/www.brillenmacher-schneider.de\/#\/schema\/logo\/image\/","url":"https:\/\/www.brillenmacher-schneider.de\/wp-content\/uploads\/2021\/09\/log.jpg","contentUrl":"https:\/\/www.brillenmacher-schneider.de\/wp-content\/uploads\/2021\/09\/log.jpg","width":389,"height":123,"caption":"BRILLENMACHER - SCHNEIDER"},"image":{"@id":"https:\/\/www.brillenmacher-schneider.de\/#\/schema\/logo\/image\/"}}]}},"_links":{"self":[{"href":"https:\/\/www.brillenmacher-schneider.de\/index.php?rest_route=\/wp\/v2\/pages\/48","targetHints":{"allow":["GET"]}}],"collection":[{"href":"https:\/\/www.brillenmacher-schneider.de\/index.php?rest_route=\/wp\/v2\/pages"}],"about":[{"href":"https:\/\/www.brillenmacher-schneider.de\/index.php?rest_route=\/wp\/v2\/types\/page"}],"author":[{"embeddable":true,"href":"https:\/\/www.brillenmacher-schneider.de\/index.php?rest_route=\/wp\/v2\/users\/1"}],"replies":[{"embeddable":true,"href":"https:\/\/www.brillenmacher-schneider.de\/index.php?rest_route=%2Fwp%2Fv2%2Fcomments&post=48"}],"version-history":[{"count":238,"href":"https:\/\/www.brillenmacher-schneider.de\/index.php?rest_route=\/wp\/v2\/pages\/48\/revisions"}],"predecessor-version":[{"id":1133,"href":"https:\/\/www.brillenmacher-schneider.de\/index.php?rest_route=\/wp\/v2\/pages\/48\/revisions\/1133"}],"wp:attachment":[{"href":"https:\/\/www.brillenmacher-schneider.de\/index.php?rest_route=%2Fwp%2Fv2%2Fmedia&parent=48"}],"curies":[{"name":"wp","href":"https:\/\/api.w.org\/{rel}","templated":true}]}}