{"id":169,"date":"2019-08-01T20:24:45","date_gmt":"2019-08-01T18:24:45","guid":{"rendered":"https:\/\/www.brillenmacher-schneider.de\/?page_id=169"},"modified":"2019-08-20T10:03:01","modified_gmt":"2019-08-20T08:03:01","slug":"datenschutzerklaerung","status":"publish","type":"page","link":"https:\/\/www.brillenmacher-schneider.de\/?page_id=169","title":{"rendered":"Datenschutzerkl\u00e4rung"},"content":{"rendered":"\n<p class=\"has-small-font-size\"><strong>Geltungsbereich<\/strong><br>Diese Datenschutzerkl\u00e4rung soll die Nutzer dieser Website gem. Art. 4 Abs. 7 EU-Datenschutz-Grundverordnung (DSGVO) \u00fcber die Art,  den Umfang und den Zweck der Erhebung und Verwendung personenbezogener Daten durch den Websitebetreiber Brillenmacher-Schneider, Sonnenbergweg 4, 38229 Salzgitter, Tel.: 05341-71351, E-Mail: brillenmacher-schneider@t-online.de informieren.&nbsp;<\/p>\n\n\n\n<p class=\"has-small-font-size\">Gem. Art. 37 Abs. 4 EU-Datenschutz-Grundverordnung (DSGVO) in Verbindung mit \u00a7 38 Abs. 1 Bundesdatenschutzgesetz (BDSG) sind wir nicht verpflichtet, einen Datenschutzbeauftragten zu bestellen.&nbsp;<\/p>\n\n\n\n<p class=\"has-small-font-size\">Der Webseitenbetreiber nimmt Ihren Datenschutz sehr ernst und behandelt Ihre personenbezogenen Daten vertraulich und entsprechend den gesetzlichen Vorschriften.\u00a0<\/p>\n\n\n\n<p class=\"has-small-font-size\">Bedenken Sie, dass die Daten\u00fcbertragung im Internet grunds\u00e4tzlich mit Sicherheitsl\u00fccken bedacht sein kann. Ein vollst\u00e4ndiger Schutz vor dem Zugriff durch Fremde ist nicht realisierbar.&nbsp;<\/p>\n\n\n\n<p class=\"has-small-font-size\"><strong>Zugriffsdaten<\/strong><br>Der Websitebetreiber bzw. Seitenprovider erhebt Daten \u00fcber Zugriffe auf die Seite und speichert diese als \u201eServer-Logfiles\u201c ab. Folgende Daten werden so protokolliert:<\/p>\n\n\n\n<p class=\"has-small-font-size\">\u2022 IP-Adresse<br>\u2022 Datum und Uhrzeit der Anfrage<br>\u2022 Zeitzonendifferenz zur Greenwich Mean Time (GMT)&nbsp;<br>\u2022 Inhalt der Anforderung (konkrete Seite)&nbsp;<br>\u2022 Zugriffsstatus\/HTTP-Statuscode&nbsp;<br>\u2022 jeweils \u00fcbertragene Datenmenge&nbsp;<br>\u2022 Website, von der die Anforderung kommt&nbsp;<br>\u2022 Browser&nbsp;<br>\u2022 Betriebssystem und dessen Oberfl\u00e4che&nbsp;<br>\u2022 Sprache und Version der Browsersoftware.<\/p>\n\n\n\n<p class=\"has-small-font-size\">Die erhobenen Daten dienen lediglich statistischen Auswertungen und zur Verbesserung der Website.&nbsp;<br>Der Websitebetreiber beh\u00e4lt sich allerdings vor, die Server-Logfiles nachtr\u00e4glich zu \u00fcberpr\u00fcfen, sollten konkrete Anhaltspunkte auf eine rechtswidrige Nutzung hinweisen.<\/p>\n\n\n\n<p class=\"has-small-font-size\"><strong>Cookies<\/strong><br>Zus\u00e4tzlich zu den zuvor genannten Daten werden bei Ihrer Nutzung unserer Website Cookies auf Ihrem Rechner gespeichert.<\/p>\n\n\n\n<p class=\"has-small-font-size\">Cookies sind Textdateien, die automatisch bei dem Aufruf einer Onlinepr\u00e4senz lokal im Browser des Besuchers abgelegt werden. Diese Website setzt Cookies ein, um das Angebot nutzerfreundlich und funktionaler zu machen. Dank dieser Dateien ist es beispielsweise m\u00f6glich, dass Sie speziell auf Ihre Interessen abgestimmte Informationen auf der Seite angezeigt bekommen. Auch sicherheitsrelevante Funktionen zum Schutz Ihrer Privatsph\u00e4re werden durch den Einsatz von Cookies erm\u00f6glicht.<\/p>\n\n\n\n<p class=\"has-small-font-size\">Der ausschlie\u00dfliche Zweck besteht also darin, unser Angebot Ihren Kundenw\u00fcnschen bestm\u00f6glich anzupassen und Ihnen das Surfen bei uns so komfortabel wie m\u00f6glich zu gestalten und die Navigation zu erleichtern.<\/p>\n\n\n\n<p class=\"has-small-font-size\"><strong>Einbindung von Google Maps<\/strong><br>Auf dieser Webseite nutzen wir das Angebot von Google Maps. Dadurch k\u00f6nnen wir Ihnen interaktive Karten direkt in der Website anzeigen und erm\u00f6glichen Ihnen die komfortable Nutzung der Karten-Funktion.<\/p>\n\n\n\n<p class=\"has-small-font-size\">Durch den Besuch auf der Website erh\u00e4lt Google die Information, dass Sie die entsprechende Unterseite unserer Website aufgerufen haben. Zudem werden die unter \u00a7 3 dieser Erkl\u00e4rung genannten Daten \u00fcbermittelt. Dies erfolgt unabh\u00e4ngig davon, ob Google ein Nutzerkonto bereitstellt, \u00fcber das Sie eingeloggt sind, oder ob kein Nutzerkonto besteht. Wenn Sie bei Google eingeloggt sind, werden Ihre Daten direkt Ihrem Konto zugeordnet. Wenn Sie die Zuordnung mit Ihrem Profil bei Google nicht w\u00fcnschen, m\u00fcssen Sie sich vor Aktivierung des Buttons ausloggen. Google speichert Ihre Daten als Nutzungsprofile und nutzt sie f\u00fcr Zwecke der Werbung, Marktforschung und\/oder bedarfsgerechten Gestaltung seiner Website. Eine solche Auswertung erfolgt insbesondere (selbst f\u00fcr nicht eingeloggte Nutzer) zur Erbringung von bedarfsgerechter Werbung und um andere Nutzer des sozialen Netzwerks \u00fcber Ihre Aktivit\u00e4ten auf unserer Website zu informieren. Ihnen steht ein Widerspruchsrecht zu gegen die Bildung dieser Nutzerprofile, wobei Sie sich zur Aus\u00fcbung dessen an Google richten m\u00fcssen.<\/p>\n\n\n\n<p class=\"has-small-font-size\">Weitere Informationen zu Zweck und Umfang der Datenerhebung und ihrer Verarbeitung durch den Plug-in-Anbieter erhalten Sie in den Datenschutzerkl\u00e4rungen des Anbieters. Dort erhalten Sie auch weitere Informationen zu Ihren diesbez\u00fcglichen Rechten und Einstellungsm\u00f6glichkeiten zum Schutze Ihrer Privatsph\u00e4re: http:\/\/www.google.de\/intl\/de\/policies\/privacy. Google verarbeitet Ihre personenbezogenen Daten auch in den USA und hat sich dem EU-US Privacy Shield unterworfen, https:\/\/www.privacyshield.gov\/EU-US-Framework.<\/p>\n\n\n\n<p class=\"has-small-font-size\"><strong>Umgang mit personenbezogenen Daten<\/strong><br>Der Webseitebetreiber erhebt, nutzt und gibt Ihre personenbezogenen Daten nur dann weiter, wenn dies im gesetzlichen Rahmen erlaubt ist oder Sie in die Datenerhebung einwilligen.<\/p>\n\n\n\n<p class=\"has-small-font-size\">Als personenbezogene Daten gelten s\u00e4mtliche Informationen, welche dazu dienen, Ihre Person zu bestimmen und welche zu Ihnen zur\u00fcckverfolgt werden k\u00f6nnen \u2013 also beispielsweise Ihr Name, Ihre E-Mail-Adresse und Telefonnummer.<\/p>\n\n\n\n<p class=\"has-small-font-size\"><strong>Umgang mit Kontaktdaten<\/strong><br>Nehmen Sie mit dem Webseitenbetreiber durch die angebotenen Kontaktm\u00f6glichkeiten Verbindung auf, werden Ihre Angaben gespeichert, damit auf diese zur Bearbeitung und Beantwortung Ihrer Anfrage zur\u00fcckgegriffen werden kann.\u00a0Ohne Ihre Einwilligung werden diese Daten nicht an Dritte weitergegeben.<\/p>\n\n\n\n<p class=\"has-small-font-size\"><strong>Umgang mit Kommentaren und Beitr\u00e4gen<\/strong><br>Hinterlassen Sie auf dieser Website einen Beitrag oder Kommentar, wird Ihre IP-Adresse gespeichert. Dies dient der Sicherheit des Webseitenbetreibers. Verst\u00f6\u00dft Ihr Text gegen das Recht, mu\u00df Ihre Identit\u00e4t nachverfolgt werden k\u00f6nnen.<\/p>\n\n\n\n<p class=\"has-small-font-size\"><strong>Newsletter-Abonnement<\/strong><br>Der Webseitenbetreiber bietet Ihnen keinen Newsletter an.<\/p>\n\n\n\n<p class=\"has-small-font-size\"><strong>Rechte des Nutzers: Auskunft, Berichtigung und L\u00f6schung<\/strong><br>Sie als Nutzer erhalten auf Antrag Ihrerseits kostenlose Auskunft dar\u00fcber, welche personenbezogenen Daten \u00fcber Sie gespeichert wurden. Sofern Ihr Wunsch nicht mit einer gesetzlichen Pflicht zur Aufbewahrung von Daten (z. B. Vorratsdatenspeicherung) kollidiert, haben Sie ein Anrecht auf Berichtigung falscher Daten und auf die Sperrung oder L\u00f6schung Ihrer personenbezogenen Daten.<\/p>\n\n\n\n<p class=\"has-small-font-size\"><strong>Aktualit\u00e4t und \u00c4nderung dieser Datenschutzerkl\u00e4rung<\/strong><br>Diese Datenschutzerkl\u00e4rung ist derzeit g\u00fcltig und hat den Stand Juli 2019. Durch die Weiterentwicklung unserer Internetseite oder aufgrund ge\u00e4nderter gesetzlicher beziehungsweise beh\u00f6rdlicher Vorgaben kann es notwendig werden, diese Datenschutzerkl\u00e4rung zu \u00e4ndern. Die jeweils aktuelle Datenschutzerkl\u00e4rung kann jederzeit auf dieser Website von Ihnen abgerufen und ausgedruckt werden.<\/p>\n","protected":false},"excerpt":{"rendered":"<p>GeltungsbereichDiese Datenschutzerkl\u00e4rung soll die Nutzer dieser Website gem. Art. 4 Abs. 7 EU-Datenschutz-Grundverordnung (DSGVO) \u00fcber die Art, den Umfang und den Zweck der Erhebung und Verwendung personenbezogener Daten durch den Websitebetreiber Brillenmacher-Schneider, Sonnenbergweg 4, 38229 Salzgitter, Tel.: 05341-71351, E-Mail: brillenmacher-schneider@t-online.de<\/p>\n","protected":false},"author":1,"featured_media":0,"parent":0,"menu_order":0,"comment_status":"closed","ping_status":"closed","template":"","meta":{"ngg_post_thumbnail":0,"footnotes":""},"class_list":["post-169","page","type-page","status-publish","hentry","","tg-column-two"],"yoast_head":"<!-- This site is optimized with the Yoast SEO plugin v26.3 - https:\/\/yoast.com\/wordpress\/plugins\/seo\/ -->\n<title>Datenschutzerkl\u00e4rung | Brillenmacher-Schneider<\/title>\n<meta name=\"robots\" content=\"index, follow, max-snippet:-1, max-image-preview:large, max-video-preview:-1\" \/>\n<link rel=\"canonical\" href=\"https:\/\/www.brillenmacher-schneider.de\/?page_id=169\" \/>\n<meta property=\"og:locale\" content=\"de_DE\" \/>\n<meta property=\"og:type\" content=\"article\" \/>\n<meta property=\"og:title\" content=\"Datenschutzerkl\u00e4rung | Brillenmacher-Schneider\" \/>\n<meta property=\"og:description\" content=\"GeltungsbereichDiese Datenschutzerkl\u00e4rung soll die Nutzer dieser Website gem. Art. 4 Abs. 7 EU-Datenschutz-Grundverordnung (DSGVO) \u00fcber die Art, den Umfang und den Zweck der Erhebung und Verwendung personenbezogener Daten durch den Websitebetreiber Brillenmacher-Schneider, Sonnenbergweg 4, 38229 Salzgitter, Tel.: 05341-71351, E-Mail: brillenmacher-schneider@t-online.de\" \/>\n<meta property=\"og:url\" content=\"https:\/\/www.brillenmacher-schneider.de\/?page_id=169\" \/>\n<meta property=\"og:site_name\" content=\"Brillenmacher-Schneider\" \/>\n<meta property=\"article:modified_time\" content=\"2019-08-20T08:03:01+00:00\" \/>\n<meta name=\"twitter:card\" content=\"summary_large_image\" \/>\n<meta name=\"twitter:label1\" content=\"Gesch\u00e4tzte Lesezeit\" \/>\n\t<meta name=\"twitter:data1\" content=\"4\u00a0Minuten\" \/>\n<script type=\"application\/ld+json\" class=\"yoast-schema-graph\">{\"@context\":\"https:\/\/schema.org\",\"@graph\":[{\"@type\":\"WebPage\",\"@id\":\"https:\/\/www.brillenmacher-schneider.de\/?page_id=169\",\"url\":\"https:\/\/www.brillenmacher-schneider.de\/?page_id=169\",\"name\":\"Datenschutzerkl\u00e4rung | Brillenmacher-Schneider\",\"isPartOf\":{\"@id\":\"https:\/\/www.brillenmacher-schneider.de\/#website\"},\"datePublished\":\"2019-08-01T18:24:45+00:00\",\"dateModified\":\"2019-08-20T08:03:01+00:00\",\"breadcrumb\":{\"@id\":\"https:\/\/www.brillenmacher-schneider.de\/?page_id=169#breadcrumb\"},\"inLanguage\":\"de\",\"potentialAction\":[{\"@type\":\"ReadAction\",\"target\":[\"https:\/\/www.brillenmacher-schneider.de\/?page_id=169\"]}]},{\"@type\":\"BreadcrumbList\",\"@id\":\"https:\/\/www.brillenmacher-schneider.de\/?page_id=169#breadcrumb\",\"itemListElement\":[{\"@type\":\"ListItem\",\"position\":1,\"name\":\"Startseite\",\"item\":\"https:\/\/www.brillenmacher-schneider.de\/\"},{\"@type\":\"ListItem\",\"position\":2,\"name\":\"Datenschutzerkl\u00e4rung\"}]},{\"@type\":\"WebSite\",\"@id\":\"https:\/\/www.brillenmacher-schneider.de\/#website\",\"url\":\"https:\/\/www.brillenmacher-schneider.de\/\",\"name\":\"Brillenmacher-Schneider\",\"description\":\"\",\"publisher\":{\"@id\":\"https:\/\/www.brillenmacher-schneider.de\/#organization\"},\"potentialAction\":[{\"@type\":\"SearchAction\",\"target\":{\"@type\":\"EntryPoint\",\"urlTemplate\":\"https:\/\/www.brillenmacher-schneider.de\/?s={search_term_string}\"},\"query-input\":{\"@type\":\"PropertyValueSpecification\",\"valueRequired\":true,\"valueName\":\"search_term_string\"}}],\"inLanguage\":\"de\"},{\"@type\":\"Organization\",\"@id\":\"https:\/\/www.brillenmacher-schneider.de\/#organization\",\"name\":\"BRILLENMACHER - SCHNEIDER\",\"url\":\"https:\/\/www.brillenmacher-schneider.de\/\",\"logo\":{\"@type\":\"ImageObject\",\"inLanguage\":\"de\",\"@id\":\"https:\/\/www.brillenmacher-schneider.de\/#\/schema\/logo\/image\/\",\"url\":\"https:\/\/www.brillenmacher-schneider.de\/wp-content\/uploads\/2021\/09\/log.jpg\",\"contentUrl\":\"https:\/\/www.brillenmacher-schneider.de\/wp-content\/uploads\/2021\/09\/log.jpg\",\"width\":389,\"height\":123,\"caption\":\"BRILLENMACHER - SCHNEIDER\"},\"image\":{\"@id\":\"https:\/\/www.brillenmacher-schneider.de\/#\/schema\/logo\/image\/\"}}]}<\/script>\n<!-- \/ Yoast SEO plugin. -->","yoast_head_json":{"title":"Datenschutzerkl\u00e4rung | Brillenmacher-Schneider","robots":{"index":"index","follow":"follow","max-snippet":"max-snippet:-1","max-image-preview":"max-image-preview:large","max-video-preview":"max-video-preview:-1"},"canonical":"https:\/\/www.brillenmacher-schneider.de\/?page_id=169","og_locale":"de_DE","og_type":"article","og_title":"Datenschutzerkl\u00e4rung | Brillenmacher-Schneider","og_description":"GeltungsbereichDiese Datenschutzerkl\u00e4rung soll die Nutzer dieser Website gem. Art. 4 Abs. 7 EU-Datenschutz-Grundverordnung (DSGVO) \u00fcber die Art, den Umfang und den Zweck der Erhebung und Verwendung personenbezogener Daten durch den Websitebetreiber Brillenmacher-Schneider, Sonnenbergweg 4, 38229 Salzgitter, Tel.: 05341-71351, E-Mail: brillenmacher-schneider@t-online.de","og_url":"https:\/\/www.brillenmacher-schneider.de\/?page_id=169","og_site_name":"Brillenmacher-Schneider","article_modified_time":"2019-08-20T08:03:01+00:00","twitter_card":"summary_large_image","twitter_misc":{"Gesch\u00e4tzte Lesezeit":"4\u00a0Minuten"},"schema":{"@context":"https:\/\/schema.org","@graph":[{"@type":"WebPage","@id":"https:\/\/www.brillenmacher-schneider.de\/?page_id=169","url":"https:\/\/www.brillenmacher-schneider.de\/?page_id=169","name":"Datenschutzerkl\u00e4rung | Brillenmacher-Schneider","isPartOf":{"@id":"https:\/\/www.brillenmacher-schneider.de\/#website"},"datePublished":"2019-08-01T18:24:45+00:00","dateModified":"2019-08-20T08:03:01+00:00","breadcrumb":{"@id":"https:\/\/www.brillenmacher-schneider.de\/?page_id=169#breadcrumb"},"inLanguage":"de","potentialAction":[{"@type":"ReadAction","target":["https:\/\/www.brillenmacher-schneider.de\/?page_id=169"]}]},{"@type":"BreadcrumbList","@id":"https:\/\/www.brillenmacher-schneider.de\/?page_id=169#breadcrumb","itemListElement":[{"@type":"ListItem","position":1,"name":"Startseite","item":"https:\/\/www.brillenmacher-schneider.de\/"},{"@type":"ListItem","position":2,"name":"Datenschutzerkl\u00e4rung"}]},{"@type":"WebSite","@id":"https:\/\/www.brillenmacher-schneider.de\/#website","url":"https:\/\/www.brillenmacher-schneider.de\/","name":"Brillenmacher-Schneider","description":"","publisher":{"@id":"https:\/\/www.brillenmacher-schneider.de\/#organization"},"potentialAction":[{"@type":"SearchAction","target":{"@type":"EntryPoint","urlTemplate":"https:\/\/www.brillenmacher-schneider.de\/?s={search_term_string}"},"query-input":{"@type":"PropertyValueSpecification","valueRequired":true,"valueName":"search_term_string"}}],"inLanguage":"de"},{"@type":"Organization","@id":"https:\/\/www.brillenmacher-schneider.de\/#organization","name":"BRILLENMACHER - SCHNEIDER","url":"https:\/\/www.brillenmacher-schneider.de\/","logo":{"@type":"ImageObject","inLanguage":"de","@id":"https:\/\/www.brillenmacher-schneider.de\/#\/schema\/logo\/image\/","url":"https:\/\/www.brillenmacher-schneider.de\/wp-content\/uploads\/2021\/09\/log.jpg","contentUrl":"https:\/\/www.brillenmacher-schneider.de\/wp-content\/uploads\/2021\/09\/log.jpg","width":389,"height":123,"caption":"BRILLENMACHER - SCHNEIDER"},"image":{"@id":"https:\/\/www.brillenmacher-schneider.de\/#\/schema\/logo\/image\/"}}]}},"_links":{"self":[{"href":"https:\/\/www.brillenmacher-schneider.de\/index.php?rest_route=\/wp\/v2\/pages\/169","targetHints":{"allow":["GET"]}}],"collection":[{"href":"https:\/\/www.brillenmacher-schneider.de\/index.php?rest_route=\/wp\/v2\/pages"}],"about":[{"href":"https:\/\/www.brillenmacher-schneider.de\/index.php?rest_route=\/wp\/v2\/types\/page"}],"author":[{"embeddable":true,"href":"https:\/\/www.brillenmacher-schneider.de\/index.php?rest_route=\/wp\/v2\/users\/1"}],"replies":[{"embeddable":true,"href":"https:\/\/www.brillenmacher-schneider.de\/index.php?rest_route=%2Fwp%2Fv2%2Fcomments&post=169"}],"version-history":[{"count":12,"href":"https:\/\/www.brillenmacher-schneider.de\/index.php?rest_route=\/wp\/v2\/pages\/169\/revisions"}],"predecessor-version":[{"id":236,"href":"https:\/\/www.brillenmacher-schneider.de\/index.php?rest_route=\/wp\/v2\/pages\/169\/revisions\/236"}],"wp:attachment":[{"href":"https:\/\/www.brillenmacher-schneider.de\/index.php?rest_route=%2Fwp%2Fv2%2Fmedia&parent=169"}],"curies":[{"name":"wp","href":"https:\/\/api.w.org\/{rel}","templated":true}]}}