{"id":112,"date":"2019-07-03T07:46:28","date_gmt":"2019-07-03T05:46:28","guid":{"rendered":"https:\/\/www.brillenmacher-schneider.de\/?page_id=112"},"modified":"2025-09-18T06:49:19","modified_gmt":"2025-09-18T04:49:19","slug":"sonnenbrillen","status":"publish","type":"page","link":"https:\/\/www.brillenmacher-schneider.de\/?page_id=112","title":{"rendered":"Sonnenbrillen"},"content":{"rendered":"\n\n\t<h6><strong>Wir bieten topmodische Sonnenbrillen mit gepr\u00fcftem UV-Schutz,<br \/>\nnat\u00fcrlich auch f\u00fcr Kinder.<\/strong><\/h6>\n\t<h6><strong>Es gibt Neuigkeiten in unserem <\/strong><strong>Sonnenbrillen-Sortiment.<\/strong><\/h6>\n<h6><strong>Starten sie sportlich in die neue Outdoor-Saison mit:<\/strong><\/h6>\n\t<h6><strong>Gloryfy<\/strong><\/h6>\n\t\t\t\t<img loading=\"lazy\" decoding=\"async\" src=\"https:\/\/www.brillenmacher-schneider.de\/wp-content\/uploads\/2022\/05\/pic-gloryfy.jpg\" alt=\"pic-gloryfy\" itemprop=\"image\" height=\"2363\" width=\"2372\" title=\"pic-gloryfy\" onerror=\"this.style.display='none'\"  \/>\n\t<strong>gloryfy unbreakable Brillen gehen auch nach st\u00e4rkster Verformung immer wieder in ihre Ausgangslage zur\u00fcck und sind absolut bruch- und airbagsicher. <\/strong><strong><br \/>\nSie werden aus dem highend Polymer NBFX <\/strong><strong>(Non Breaking Flex Polymer) im hauseigenen Labor hergestellt.<\/strong>\n\t<h6><strong>NIKA<\/strong><\/h6>\n\t\t\t\t<img loading=\"lazy\" decoding=\"async\" src=\"https:\/\/www.brillenmacher-schneider.de\/wp-content\/uploads\/2022\/05\/NIKA-SPORTSeyeWEAR_9-a-scaled.jpg\" alt=\"NIKA SPORTSeyeWEAR_9-a\" itemprop=\"image\" height=\"2494\" width=\"2560\" title=\"NIKA SPORTSeyeWEAR_9-a\" onerror=\"this.style.display='none'\"  \/>\n\t<p><strong>viele Glasfarben und trendige Verspiegelungen<\/strong><\/p>\n<ul>\n<li><strong>bruchsichere Einst\u00e4rken- und Mehrst\u00e4rken Sportbrille<\/strong><\/li>\n<li><strong>optional mit selbstt\u00f6nender oder polarisierender Technologie erh\u00e4ltlich<\/strong><\/li>\n<li><strong>individuell verglasbar f\u00fcr 210 Euro inkl. Verspiegelung<\/strong><\/li>\n<\/ul>\n\t<p>__________________________<\/p>\n\t\t\t\t<img loading=\"lazy\" decoding=\"async\" src=\"https:\/\/www.brillenmacher-schneider.de\/wp-content\/uploads\/2020\/04\/sobri.jpg\" alt=\"sobri\" itemprop=\"image\" height=\"360\" width=\"640\" title=\"sobri\" onerror=\"this.style.display='none'\"  \/>\n\t<p><strong>Fast alle unserer Sonnenbrillen lassen sich individuell mit Ihren Glasst\u00e4rken versehen.<\/strong><\/p>\n<p><strong>Wir halten Angebote ab 35 Euro f\u00fcr das Glaspaar bereit !<\/strong><\/p>\n<p>&nbsp;<\/p>\n\t<p><strong>Wir bieten Ihnen ein reichhaltiges Angebot an speziellen Sonnenbrillengl\u00e4sern.<\/strong><\/p>\n\t<p>&nbsp;<\/p>\n<p><strong>Wir beraten Sie gerne \u00fcber:<\/strong><\/p>\n<ul>\n\n<li><strong>trendige Verspiegelungen<\/strong><\/li>\n<li><strong>kontraststeigernde Gl\u00e4ser<\/strong><\/li>\n<li><strong>selbstt\u00f6nede Gl\u00e4ser<\/strong><\/li>\n<li><strong>oder polarisierende Gl\u00e4ser<\/strong><\/li>\n<\/ul>\n\t\t\t\t<img loading=\"lazy\" decoding=\"async\" src=\"https:\/\/www.brillenmacher-schneider.de\/wp-content\/uploads\/2025\/09\/TCM.png\" alt=\"TCM\" itemprop=\"image\" height=\"689\" width=\"1024\" title=\"TCM\" onerror=\"this.style.display='none'\"  \/>\n\t\t\t\t<img loading=\"lazy\" decoding=\"async\" src=\"https:\/\/www.brillenmacher-schneider.de\/wp-content\/uploads\/2025\/09\/QR-Code-1.png\" alt=\"QR-Code-1\" itemprop=\"image\" height=\"728\" width=\"2376\" title=\"QR-Code-1\" onerror=\"this.style.display='none'\"  \/>\n\n","protected":false},"excerpt":{"rendered":"<p>Wir bieten topmodische Sonnenbrillen mit gepr\u00fcftem UV-Schutz, nat\u00fcrlich auch f\u00fcr Kinder. Es gibt Neuigkeiten in unserem Sonnenbrillen-Sortiment. Starten sie sportlich in die neue Outdoor-Saison mit: Gloryfy gloryfy unbreakable Brillen gehen auch nach st\u00e4rkster Verformung immer wieder in ihre Ausgangslage zur\u00fcck<\/p>\n","protected":false},"author":1,"featured_media":0,"parent":0,"menu_order":0,"comment_status":"closed","ping_status":"closed","template":"","meta":{"ngg_post_thumbnail":0,"footnotes":""},"class_list":["post-112","page","type-page","status-publish","hentry","","tg-column-two"],"yoast_head":"<!-- This site is optimized with the Yoast SEO plugin v26.3 - https:\/\/yoast.com\/wordpress\/plugins\/seo\/ -->\n<title>Sonnenbrillen | Brillenmacher-Schneider<\/title>\n<meta name=\"robots\" content=\"index, follow, max-snippet:-1, max-image-preview:large, max-video-preview:-1\" \/>\n<link rel=\"canonical\" href=\"https:\/\/www.brillenmacher-schneider.de\/?page_id=112\" \/>\n<meta property=\"og:locale\" content=\"de_DE\" \/>\n<meta property=\"og:type\" content=\"article\" \/>\n<meta property=\"og:title\" content=\"Sonnenbrillen | Brillenmacher-Schneider\" \/>\n<meta property=\"og:description\" content=\"Wir bieten topmodische Sonnenbrillen mit gepr\u00fcftem UV-Schutz, nat\u00fcrlich auch f\u00fcr Kinder. Es gibt Neuigkeiten in unserem Sonnenbrillen-Sortiment. Starten sie sportlich in die neue Outdoor-Saison mit: Gloryfy gloryfy unbreakable Brillen gehen auch nach st\u00e4rkster Verformung immer wieder in ihre Ausgangslage zur\u00fcck\" \/>\n<meta property=\"og:url\" content=\"https:\/\/www.brillenmacher-schneider.de\/?page_id=112\" \/>\n<meta property=\"og:site_name\" content=\"Brillenmacher-Schneider\" \/>\n<meta property=\"article:modified_time\" content=\"2025-09-18T04:49:19+00:00\" \/>\n<meta property=\"og:image\" content=\"https:\/\/www.brillenmacher-schneider.de\/wp-content\/uploads\/2022\/05\/pic-gloryfy.jpg\" \/>\n<meta name=\"twitter:card\" content=\"summary_large_image\" \/>\n<meta name=\"twitter:label1\" content=\"Gesch\u00e4tzte Lesezeit\" \/>\n\t<meta name=\"twitter:data1\" content=\"1\u00a0Minute\" \/>\n<script type=\"application\/ld+json\" class=\"yoast-schema-graph\">{\"@context\":\"https:\/\/schema.org\",\"@graph\":[{\"@type\":\"WebPage\",\"@id\":\"https:\/\/www.brillenmacher-schneider.de\/?page_id=112\",\"url\":\"https:\/\/www.brillenmacher-schneider.de\/?page_id=112\",\"name\":\"Sonnenbrillen | Brillenmacher-Schneider\",\"isPartOf\":{\"@id\":\"https:\/\/www.brillenmacher-schneider.de\/#website\"},\"primaryImageOfPage\":{\"@id\":\"https:\/\/www.brillenmacher-schneider.de\/?page_id=112#primaryimage\"},\"image\":{\"@id\":\"https:\/\/www.brillenmacher-schneider.de\/?page_id=112#primaryimage\"},\"thumbnailUrl\":\"https:\/\/www.brillenmacher-schneider.de\/wp-content\/uploads\/2022\/05\/pic-gloryfy.jpg\",\"datePublished\":\"2019-07-03T05:46:28+00:00\",\"dateModified\":\"2025-09-18T04:49:19+00:00\",\"breadcrumb\":{\"@id\":\"https:\/\/www.brillenmacher-schneider.de\/?page_id=112#breadcrumb\"},\"inLanguage\":\"de\",\"potentialAction\":[{\"@type\":\"ReadAction\",\"target\":[\"https:\/\/www.brillenmacher-schneider.de\/?page_id=112\"]}]},{\"@type\":\"ImageObject\",\"inLanguage\":\"de\",\"@id\":\"https:\/\/www.brillenmacher-schneider.de\/?page_id=112#primaryimage\",\"url\":\"https:\/\/www.brillenmacher-schneider.de\/wp-content\/uploads\/2022\/05\/pic-gloryfy.jpg\",\"contentUrl\":\"https:\/\/www.brillenmacher-schneider.de\/wp-content\/uploads\/2022\/05\/pic-gloryfy.jpg\",\"width\":2372,\"height\":2363},{\"@type\":\"BreadcrumbList\",\"@id\":\"https:\/\/www.brillenmacher-schneider.de\/?page_id=112#breadcrumb\",\"itemListElement\":[{\"@type\":\"ListItem\",\"position\":1,\"name\":\"Startseite\",\"item\":\"https:\/\/www.brillenmacher-schneider.de\/\"},{\"@type\":\"ListItem\",\"position\":2,\"name\":\"Sonnenbrillen\"}]},{\"@type\":\"WebSite\",\"@id\":\"https:\/\/www.brillenmacher-schneider.de\/#website\",\"url\":\"https:\/\/www.brillenmacher-schneider.de\/\",\"name\":\"Brillenmacher-Schneider\",\"description\":\"\",\"publisher\":{\"@id\":\"https:\/\/www.brillenmacher-schneider.de\/#organization\"},\"potentialAction\":[{\"@type\":\"SearchAction\",\"target\":{\"@type\":\"EntryPoint\",\"urlTemplate\":\"https:\/\/www.brillenmacher-schneider.de\/?s={search_term_string}\"},\"query-input\":{\"@type\":\"PropertyValueSpecification\",\"valueRequired\":true,\"valueName\":\"search_term_string\"}}],\"inLanguage\":\"de\"},{\"@type\":\"Organization\",\"@id\":\"https:\/\/www.brillenmacher-schneider.de\/#organization\",\"name\":\"BRILLENMACHER - SCHNEIDER\",\"url\":\"https:\/\/www.brillenmacher-schneider.de\/\",\"logo\":{\"@type\":\"ImageObject\",\"inLanguage\":\"de\",\"@id\":\"https:\/\/www.brillenmacher-schneider.de\/#\/schema\/logo\/image\/\",\"url\":\"https:\/\/www.brillenmacher-schneider.de\/wp-content\/uploads\/2021\/09\/log.jpg\",\"contentUrl\":\"https:\/\/www.brillenmacher-schneider.de\/wp-content\/uploads\/2021\/09\/log.jpg\",\"width\":389,\"height\":123,\"caption\":\"BRILLENMACHER - SCHNEIDER\"},\"image\":{\"@id\":\"https:\/\/www.brillenmacher-schneider.de\/#\/schema\/logo\/image\/\"}}]}<\/script>\n<!-- \/ Yoast SEO plugin. -->","yoast_head_json":{"title":"Sonnenbrillen | Brillenmacher-Schneider","robots":{"index":"index","follow":"follow","max-snippet":"max-snippet:-1","max-image-preview":"max-image-preview:large","max-video-preview":"max-video-preview:-1"},"canonical":"https:\/\/www.brillenmacher-schneider.de\/?page_id=112","og_locale":"de_DE","og_type":"article","og_title":"Sonnenbrillen | Brillenmacher-Schneider","og_description":"Wir bieten topmodische Sonnenbrillen mit gepr\u00fcftem UV-Schutz, nat\u00fcrlich auch f\u00fcr Kinder. Es gibt Neuigkeiten in unserem Sonnenbrillen-Sortiment. Starten sie sportlich in die neue Outdoor-Saison mit: Gloryfy gloryfy unbreakable Brillen gehen auch nach st\u00e4rkster Verformung immer wieder in ihre Ausgangslage zur\u00fcck","og_url":"https:\/\/www.brillenmacher-schneider.de\/?page_id=112","og_site_name":"Brillenmacher-Schneider","article_modified_time":"2025-09-18T04:49:19+00:00","og_image":[{"url":"https:\/\/www.brillenmacher-schneider.de\/wp-content\/uploads\/2022\/05\/pic-gloryfy.jpg","type":"","width":"","height":""}],"twitter_card":"summary_large_image","twitter_misc":{"Gesch\u00e4tzte Lesezeit":"1\u00a0Minute"},"schema":{"@context":"https:\/\/schema.org","@graph":[{"@type":"WebPage","@id":"https:\/\/www.brillenmacher-schneider.de\/?page_id=112","url":"https:\/\/www.brillenmacher-schneider.de\/?page_id=112","name":"Sonnenbrillen | Brillenmacher-Schneider","isPartOf":{"@id":"https:\/\/www.brillenmacher-schneider.de\/#website"},"primaryImageOfPage":{"@id":"https:\/\/www.brillenmacher-schneider.de\/?page_id=112#primaryimage"},"image":{"@id":"https:\/\/www.brillenmacher-schneider.de\/?page_id=112#primaryimage"},"thumbnailUrl":"https:\/\/www.brillenmacher-schneider.de\/wp-content\/uploads\/2022\/05\/pic-gloryfy.jpg","datePublished":"2019-07-03T05:46:28+00:00","dateModified":"2025-09-18T04:49:19+00:00","breadcrumb":{"@id":"https:\/\/www.brillenmacher-schneider.de\/?page_id=112#breadcrumb"},"inLanguage":"de","potentialAction":[{"@type":"ReadAction","target":["https:\/\/www.brillenmacher-schneider.de\/?page_id=112"]}]},{"@type":"ImageObject","inLanguage":"de","@id":"https:\/\/www.brillenmacher-schneider.de\/?page_id=112#primaryimage","url":"https:\/\/www.brillenmacher-schneider.de\/wp-content\/uploads\/2022\/05\/pic-gloryfy.jpg","contentUrl":"https:\/\/www.brillenmacher-schneider.de\/wp-content\/uploads\/2022\/05\/pic-gloryfy.jpg","width":2372,"height":2363},{"@type":"BreadcrumbList","@id":"https:\/\/www.brillenmacher-schneider.de\/?page_id=112#breadcrumb","itemListElement":[{"@type":"ListItem","position":1,"name":"Startseite","item":"https:\/\/www.brillenmacher-schneider.de\/"},{"@type":"ListItem","position":2,"name":"Sonnenbrillen"}]},{"@type":"WebSite","@id":"https:\/\/www.brillenmacher-schneider.de\/#website","url":"https:\/\/www.brillenmacher-schneider.de\/","name":"Brillenmacher-Schneider","description":"","publisher":{"@id":"https:\/\/www.brillenmacher-schneider.de\/#organization"},"potentialAction":[{"@type":"SearchAction","target":{"@type":"EntryPoint","urlTemplate":"https:\/\/www.brillenmacher-schneider.de\/?s={search_term_string}"},"query-input":{"@type":"PropertyValueSpecification","valueRequired":true,"valueName":"search_term_string"}}],"inLanguage":"de"},{"@type":"Organization","@id":"https:\/\/www.brillenmacher-schneider.de\/#organization","name":"BRILLENMACHER - SCHNEIDER","url":"https:\/\/www.brillenmacher-schneider.de\/","logo":{"@type":"ImageObject","inLanguage":"de","@id":"https:\/\/www.brillenmacher-schneider.de\/#\/schema\/logo\/image\/","url":"https:\/\/www.brillenmacher-schneider.de\/wp-content\/uploads\/2021\/09\/log.jpg","contentUrl":"https:\/\/www.brillenmacher-schneider.de\/wp-content\/uploads\/2021\/09\/log.jpg","width":389,"height":123,"caption":"BRILLENMACHER - SCHNEIDER"},"image":{"@id":"https:\/\/www.brillenmacher-schneider.de\/#\/schema\/logo\/image\/"}}]}},"_links":{"self":[{"href":"https:\/\/www.brillenmacher-schneider.de\/index.php?rest_route=\/wp\/v2\/pages\/112","targetHints":{"allow":["GET"]}}],"collection":[{"href":"https:\/\/www.brillenmacher-schneider.de\/index.php?rest_route=\/wp\/v2\/pages"}],"about":[{"href":"https:\/\/www.brillenmacher-schneider.de\/index.php?rest_route=\/wp\/v2\/types\/page"}],"author":[{"embeddable":true,"href":"https:\/\/www.brillenmacher-schneider.de\/index.php?rest_route=\/wp\/v2\/users\/1"}],"replies":[{"embeddable":true,"href":"https:\/\/www.brillenmacher-schneider.de\/index.php?rest_route=%2Fwp%2Fv2%2Fcomments&post=112"}],"version-history":[{"count":46,"href":"https:\/\/www.brillenmacher-schneider.de\/index.php?rest_route=\/wp\/v2\/pages\/112\/revisions"}],"predecessor-version":[{"id":1100,"href":"https:\/\/www.brillenmacher-schneider.de\/index.php?rest_route=\/wp\/v2\/pages\/112\/revisions\/1100"}],"wp:attachment":[{"href":"https:\/\/www.brillenmacher-schneider.de\/index.php?rest_route=%2Fwp%2Fv2%2Fmedia&parent=112"}],"curies":[{"name":"wp","href":"https:\/\/api.w.org\/{rel}","templated":true}]}}