{"id":108,"date":"2019-07-03T07:45:47","date_gmt":"2019-07-03T05:45:47","guid":{"rendered":"https:\/\/www.brillenmacher-schneider.de\/?page_id=108"},"modified":"2025-09-02T06:29:24","modified_gmt":"2025-09-02T04:29:24","slug":"kontaktlinsen","status":"publish","type":"page","link":"https:\/\/www.brillenmacher-schneider.de\/?page_id=108","title":{"rendered":"Kontaktlinsen"},"content":{"rendered":"\n\n\t<h6><strong>Auch wenn Sie schon lange eine Brille tragen, es ist nie zu sp\u00e4t auf Kontaktlinsen umzusteigen.<\/strong><\/h6>\n\t<ul>\n<li><strong>Kontaktlinsen bieten mehr als nur ein gutes Gef\u00fchl<\/strong><\/li>\n<li><strong>keine Bildgr\u00f6\u00dfen\u00e4nderung (keine Vergr\u00f6\u00dferung oder Verkleinerung, wie bei einer Brille)<\/strong><\/li>\n<li><strong>Bewegungsfreiheit ohne Einschr\u00e4nkungen<\/strong><\/li>\n<li><strong>ideal bei Sport und Freizeit<\/strong><\/li>\n<li><strong>mit jeder handels\u00fcblichen Sonnenbrille kombinierbar<\/strong><\/li>\n<\/ul>\n<p><strong>Entscheidend f\u00fcr den h\u00f6chsten Trage- und Sehkomfort sowie Ihre Augengesundheit ist eine optimale Linsenanpassung.<\/strong><\/p>\n\t\t\t\t<img loading=\"lazy\" decoding=\"async\" src=\"https:\/\/www.brillenmacher-schneider.de\/wp-content\/uploads\/2020\/03\/kl-bild.png\" alt=\"kl-bild\" itemprop=\"image\" height=\"397\" width=\"450\" title=\"kl-bild\" onerror=\"this.style.display='none'\"  \/>\n\n","protected":false},"excerpt":{"rendered":"<p>Auch wenn Sie schon lange eine Brille tragen, es ist nie zu sp\u00e4t auf Kontaktlinsen umzusteigen. Kontaktlinsen bieten mehr als nur ein gutes Gef\u00fchl keine Bildgr\u00f6\u00dfen\u00e4nderung (keine Vergr\u00f6\u00dferung oder Verkleinerung, wie bei einer Brille) Bewegungsfreiheit ohne Einschr\u00e4nkungen ideal bei Sport<\/p>\n","protected":false},"author":1,"featured_media":0,"parent":0,"menu_order":0,"comment_status":"closed","ping_status":"closed","template":"","meta":{"ngg_post_thumbnail":0,"footnotes":""},"class_list":["post-108","page","type-page","status-publish","hentry","","tg-column-two"],"yoast_head":"<!-- This site is optimized with the Yoast SEO plugin v26.3 - https:\/\/yoast.com\/wordpress\/plugins\/seo\/ -->\n<title>Kontaktlinsen | Brillenmacher-Schneider<\/title>\n<meta name=\"robots\" content=\"index, follow, max-snippet:-1, max-image-preview:large, max-video-preview:-1\" \/>\n<link rel=\"canonical\" href=\"https:\/\/www.brillenmacher-schneider.de\/?page_id=108\" \/>\n<meta property=\"og:locale\" content=\"de_DE\" \/>\n<meta property=\"og:type\" content=\"article\" \/>\n<meta property=\"og:title\" content=\"Kontaktlinsen | Brillenmacher-Schneider\" \/>\n<meta property=\"og:description\" content=\"Auch wenn Sie schon lange eine Brille tragen, es ist nie zu sp\u00e4t auf Kontaktlinsen umzusteigen. Kontaktlinsen bieten mehr als nur ein gutes Gef\u00fchl keine Bildgr\u00f6\u00dfen\u00e4nderung (keine Vergr\u00f6\u00dferung oder Verkleinerung, wie bei einer Brille) Bewegungsfreiheit ohne Einschr\u00e4nkungen ideal bei Sport\" \/>\n<meta property=\"og:url\" content=\"https:\/\/www.brillenmacher-schneider.de\/?page_id=108\" \/>\n<meta property=\"og:site_name\" content=\"Brillenmacher-Schneider\" \/>\n<meta property=\"article:modified_time\" content=\"2025-09-02T04:29:24+00:00\" \/>\n<meta property=\"og:image\" content=\"https:\/\/www.brillenmacher-schneider.de\/wp-content\/uploads\/2020\/03\/kl-bild.png\" \/>\n<meta name=\"twitter:card\" content=\"summary_large_image\" \/>\n<script type=\"application\/ld+json\" class=\"yoast-schema-graph\">{\"@context\":\"https:\/\/schema.org\",\"@graph\":[{\"@type\":\"WebPage\",\"@id\":\"https:\/\/www.brillenmacher-schneider.de\/?page_id=108\",\"url\":\"https:\/\/www.brillenmacher-schneider.de\/?page_id=108\",\"name\":\"Kontaktlinsen | Brillenmacher-Schneider\",\"isPartOf\":{\"@id\":\"https:\/\/www.brillenmacher-schneider.de\/#website\"},\"primaryImageOfPage\":{\"@id\":\"https:\/\/www.brillenmacher-schneider.de\/?page_id=108#primaryimage\"},\"image\":{\"@id\":\"https:\/\/www.brillenmacher-schneider.de\/?page_id=108#primaryimage\"},\"thumbnailUrl\":\"https:\/\/www.brillenmacher-schneider.de\/wp-content\/uploads\/2020\/03\/kl-bild.png\",\"datePublished\":\"2019-07-03T05:45:47+00:00\",\"dateModified\":\"2025-09-02T04:29:24+00:00\",\"breadcrumb\":{\"@id\":\"https:\/\/www.brillenmacher-schneider.de\/?page_id=108#breadcrumb\"},\"inLanguage\":\"de\",\"potentialAction\":[{\"@type\":\"ReadAction\",\"target\":[\"https:\/\/www.brillenmacher-schneider.de\/?page_id=108\"]}]},{\"@type\":\"ImageObject\",\"inLanguage\":\"de\",\"@id\":\"https:\/\/www.brillenmacher-schneider.de\/?page_id=108#primaryimage\",\"url\":\"https:\/\/www.brillenmacher-schneider.de\/wp-content\/uploads\/2020\/03\/kl-bild.png\",\"contentUrl\":\"https:\/\/www.brillenmacher-schneider.de\/wp-content\/uploads\/2020\/03\/kl-bild.png\",\"width\":450,\"height\":397},{\"@type\":\"BreadcrumbList\",\"@id\":\"https:\/\/www.brillenmacher-schneider.de\/?page_id=108#breadcrumb\",\"itemListElement\":[{\"@type\":\"ListItem\",\"position\":1,\"name\":\"Startseite\",\"item\":\"https:\/\/www.brillenmacher-schneider.de\/\"},{\"@type\":\"ListItem\",\"position\":2,\"name\":\"Kontaktlinsen\"}]},{\"@type\":\"WebSite\",\"@id\":\"https:\/\/www.brillenmacher-schneider.de\/#website\",\"url\":\"https:\/\/www.brillenmacher-schneider.de\/\",\"name\":\"Brillenmacher-Schneider\",\"description\":\"\",\"publisher\":{\"@id\":\"https:\/\/www.brillenmacher-schneider.de\/#organization\"},\"potentialAction\":[{\"@type\":\"SearchAction\",\"target\":{\"@type\":\"EntryPoint\",\"urlTemplate\":\"https:\/\/www.brillenmacher-schneider.de\/?s={search_term_string}\"},\"query-input\":{\"@type\":\"PropertyValueSpecification\",\"valueRequired\":true,\"valueName\":\"search_term_string\"}}],\"inLanguage\":\"de\"},{\"@type\":\"Organization\",\"@id\":\"https:\/\/www.brillenmacher-schneider.de\/#organization\",\"name\":\"BRILLENMACHER - SCHNEIDER\",\"url\":\"https:\/\/www.brillenmacher-schneider.de\/\",\"logo\":{\"@type\":\"ImageObject\",\"inLanguage\":\"de\",\"@id\":\"https:\/\/www.brillenmacher-schneider.de\/#\/schema\/logo\/image\/\",\"url\":\"https:\/\/www.brillenmacher-schneider.de\/wp-content\/uploads\/2021\/09\/log.jpg\",\"contentUrl\":\"https:\/\/www.brillenmacher-schneider.de\/wp-content\/uploads\/2021\/09\/log.jpg\",\"width\":389,\"height\":123,\"caption\":\"BRILLENMACHER - SCHNEIDER\"},\"image\":{\"@id\":\"https:\/\/www.brillenmacher-schneider.de\/#\/schema\/logo\/image\/\"}}]}<\/script>\n<!-- \/ Yoast SEO plugin. -->","yoast_head_json":{"title":"Kontaktlinsen | Brillenmacher-Schneider","robots":{"index":"index","follow":"follow","max-snippet":"max-snippet:-1","max-image-preview":"max-image-preview:large","max-video-preview":"max-video-preview:-1"},"canonical":"https:\/\/www.brillenmacher-schneider.de\/?page_id=108","og_locale":"de_DE","og_type":"article","og_title":"Kontaktlinsen | Brillenmacher-Schneider","og_description":"Auch wenn Sie schon lange eine Brille tragen, es ist nie zu sp\u00e4t auf Kontaktlinsen umzusteigen. Kontaktlinsen bieten mehr als nur ein gutes Gef\u00fchl keine Bildgr\u00f6\u00dfen\u00e4nderung (keine Vergr\u00f6\u00dferung oder Verkleinerung, wie bei einer Brille) Bewegungsfreiheit ohne Einschr\u00e4nkungen ideal bei Sport","og_url":"https:\/\/www.brillenmacher-schneider.de\/?page_id=108","og_site_name":"Brillenmacher-Schneider","article_modified_time":"2025-09-02T04:29:24+00:00","og_image":[{"url":"https:\/\/www.brillenmacher-schneider.de\/wp-content\/uploads\/2020\/03\/kl-bild.png","type":"","width":"","height":""}],"twitter_card":"summary_large_image","schema":{"@context":"https:\/\/schema.org","@graph":[{"@type":"WebPage","@id":"https:\/\/www.brillenmacher-schneider.de\/?page_id=108","url":"https:\/\/www.brillenmacher-schneider.de\/?page_id=108","name":"Kontaktlinsen | Brillenmacher-Schneider","isPartOf":{"@id":"https:\/\/www.brillenmacher-schneider.de\/#website"},"primaryImageOfPage":{"@id":"https:\/\/www.brillenmacher-schneider.de\/?page_id=108#primaryimage"},"image":{"@id":"https:\/\/www.brillenmacher-schneider.de\/?page_id=108#primaryimage"},"thumbnailUrl":"https:\/\/www.brillenmacher-schneider.de\/wp-content\/uploads\/2020\/03\/kl-bild.png","datePublished":"2019-07-03T05:45:47+00:00","dateModified":"2025-09-02T04:29:24+00:00","breadcrumb":{"@id":"https:\/\/www.brillenmacher-schneider.de\/?page_id=108#breadcrumb"},"inLanguage":"de","potentialAction":[{"@type":"ReadAction","target":["https:\/\/www.brillenmacher-schneider.de\/?page_id=108"]}]},{"@type":"ImageObject","inLanguage":"de","@id":"https:\/\/www.brillenmacher-schneider.de\/?page_id=108#primaryimage","url":"https:\/\/www.brillenmacher-schneider.de\/wp-content\/uploads\/2020\/03\/kl-bild.png","contentUrl":"https:\/\/www.brillenmacher-schneider.de\/wp-content\/uploads\/2020\/03\/kl-bild.png","width":450,"height":397},{"@type":"BreadcrumbList","@id":"https:\/\/www.brillenmacher-schneider.de\/?page_id=108#breadcrumb","itemListElement":[{"@type":"ListItem","position":1,"name":"Startseite","item":"https:\/\/www.brillenmacher-schneider.de\/"},{"@type":"ListItem","position":2,"name":"Kontaktlinsen"}]},{"@type":"WebSite","@id":"https:\/\/www.brillenmacher-schneider.de\/#website","url":"https:\/\/www.brillenmacher-schneider.de\/","name":"Brillenmacher-Schneider","description":"","publisher":{"@id":"https:\/\/www.brillenmacher-schneider.de\/#organization"},"potentialAction":[{"@type":"SearchAction","target":{"@type":"EntryPoint","urlTemplate":"https:\/\/www.brillenmacher-schneider.de\/?s={search_term_string}"},"query-input":{"@type":"PropertyValueSpecification","valueRequired":true,"valueName":"search_term_string"}}],"inLanguage":"de"},{"@type":"Organization","@id":"https:\/\/www.brillenmacher-schneider.de\/#organization","name":"BRILLENMACHER - SCHNEIDER","url":"https:\/\/www.brillenmacher-schneider.de\/","logo":{"@type":"ImageObject","inLanguage":"de","@id":"https:\/\/www.brillenmacher-schneider.de\/#\/schema\/logo\/image\/","url":"https:\/\/www.brillenmacher-schneider.de\/wp-content\/uploads\/2021\/09\/log.jpg","contentUrl":"https:\/\/www.brillenmacher-schneider.de\/wp-content\/uploads\/2021\/09\/log.jpg","width":389,"height":123,"caption":"BRILLENMACHER - SCHNEIDER"},"image":{"@id":"https:\/\/www.brillenmacher-schneider.de\/#\/schema\/logo\/image\/"}}]}},"_links":{"self":[{"href":"https:\/\/www.brillenmacher-schneider.de\/index.php?rest_route=\/wp\/v2\/pages\/108","targetHints":{"allow":["GET"]}}],"collection":[{"href":"https:\/\/www.brillenmacher-schneider.de\/index.php?rest_route=\/wp\/v2\/pages"}],"about":[{"href":"https:\/\/www.brillenmacher-schneider.de\/index.php?rest_route=\/wp\/v2\/types\/page"}],"author":[{"embeddable":true,"href":"https:\/\/www.brillenmacher-schneider.de\/index.php?rest_route=\/wp\/v2\/users\/1"}],"replies":[{"embeddable":true,"href":"https:\/\/www.brillenmacher-schneider.de\/index.php?rest_route=%2Fwp%2Fv2%2Fcomments&post=108"}],"version-history":[{"count":18,"href":"https:\/\/www.brillenmacher-schneider.de\/index.php?rest_route=\/wp\/v2\/pages\/108\/revisions"}],"predecessor-version":[{"id":1088,"href":"https:\/\/www.brillenmacher-schneider.de\/index.php?rest_route=\/wp\/v2\/pages\/108\/revisions\/1088"}],"wp:attachment":[{"href":"https:\/\/www.brillenmacher-schneider.de\/index.php?rest_route=%2Fwp%2Fv2%2Fmedia&parent=108"}],"curies":[{"name":"wp","href":"https:\/\/api.w.org\/{rel}","templated":true}]}}